{"id":146,"date":"2017-06-12T15:17:38","date_gmt":"2017-06-12T19:17:38","guid":{"rendered":"http:\/\/localhost\/wordpress\/?page_id=146"},"modified":"2017-08-01T12:54:25","modified_gmt":"2017-08-01T16:54:25","slug":"automatizacion-industrial","status":"publish","type":"page","link":"https:\/\/seibeca.com\/index.php\/automatizacion-industrial\/","title":{"rendered":"Automatizaci\u00f3n Industrial"},"content":{"rendered":"<div class=\"wonderpluginslider-container\" id=\"wonderpluginslider-container-2\" style=\"max-width:100%;margin:0 auto;padding-left:0px;padding-right:0px;padding-top:0px;padding-bottom:0px;\"><div class=\"wonderpluginslider\" id=\"wonderpluginslider-2\" data-sliderid=\"2\" data-width=\"840\" data-height=\"300\" data-skin=\"cube\" data-autoplay=\"true\" data-randomplay=\"false\" data-loadimageondemand=\"false\" data-transitiononfirstslide=\"false\" data-autoplayvideo=\"false\" data-isresponsive=\"true\" data-fullwidth=\"true\" data-isfullscreen=\"false\" data-ratioresponsive=\"false\" data-showtext=\"true\" data-showtimer=\"true\" data-showbottomshadow=\"true\" data-navshowpreview=\"true\" data-textautohide=\"true\" data-lightboxresponsive=\"true\" data-lightboxshownavigation=\"true\" data-lightboxshowtitle=\"true\" data-lightboxshowdescription=\"false\" data-texteffectresponsive=\"true\" data-donotinit=\"false\" data-addinitscript=\"false\" data-lightboxfullscreenmode=\"false\" data-lightboxcloseonoverlay=\"true\" data-lightboxvideohidecontrols=\"false\" data-lightboxnogroup=\"false\" data-lightboxautoslide=\"false\" data-lightboxshowtimer=\"true\" data-lightboxshowplaybutton=\"true\" data-lightboxalwaysshownavarrows=\"false\" data-lightboxshowtitleprefix=\"true\" data-titleusealt=\"false\" data-outputtext=\"false\" data-scalemode=\"fill\" data-arrowstyle=\"always\" data-transition=\"fade,crossfade,slide,elastic,slice,blinds,blocks,shuffle,tiles,kenburns,flip,flipwithzoom,threed,threedhorizontal\" data-loop=\"0\" data-border=\"0\" data-slideinterval=\"6000\" data-arrowimage=\"arrows-36-80-0.png\" data-arrowwidth=\"36\" data-arrowheight=\"80\" data-arrowtop=\"50\" data-arrowmargin=\"-18\" data-navstyle=\"bullets\" data-navimage=\"bullet-24-24-1.png\" data-navwidth=\"24\" data-navheight=\"24\" data-navspacing=\"8\" data-navmarginx=\"16\" data-navmarginy=\"16\" data-navposition=\"bottom\" data-playvideoimage=\"playvideo-64-64-0.png\" data-playvideoimagewidth=\"64\" data-playvideoimageheight=\"64\" data-lightboxthumbwidth=\"90\" data-lightboxthumbheight=\"60\" data-lightboxthumbtopmargin=\"12\" data-lightboxthumbbottommargin=\"4\" data-lightboxbarheight=\"64\" data-lightboxtitlebottomcss=\"color:#333; font-size:14px; font-family:Armata,sans-serif,Arial; overflow:hidden; text-align:left;\" data-lightboxdescriptionbottomcss=\"color:#333; font-size:12px; font-family:Arial,Helvetica,sans-serif; overflow:hidden; text-align:left; margin:4px 0px 0px; padding: 0px;\" data-textformat=\"Color box\" data-textpositionstatic=\"bottom\" data-textpositiondynamic=\"bottomleft\" data-paddingleft=\"0\" data-paddingright=\"0\" data-paddingtop=\"0\" data-paddingbottom=\"0\" data-texteffectresponsivesize=\"640\" data-fadeduration=\"1000\" data-crossfadeduration=\"1000\" data-slideduration=\"1000\" data-elasticduration=\"1000\" data-sliceduration=\"1500\" data-blindsduration=\"1500\" data-blocksduration=\"1500\" data-shuffleduration=\"1500\" data-tilesduration=\"2000\" data-kenburnsduration=\"5000\" data-flipduration=\"1500\" data-flipwithzoomduration=\"2000\" data-threedduration=\"1500\" data-threedhorizontalduration=\"1500\" data-threedwithzoomduration=\"2500\" data-threedhorizontalwithzoomduration=\"2200\" data-threedflipduration=\"1500\" data-threedflipwithzoomduration=\"2000\" data-threedtilesduration=\"2000\" data-threedfallback=\"flip\" data-threedhorizontalfallback=\"flip\" data-threedwithzoomfallback=\"flipwithzoom\" data-threedhorizontalwithzoomfallback=\"flipwithzoom\" data-threedflipfallback=\"flip\" data-threedflipwithzoomfallback=\"flipwithzoom\" data-threedtilesfallback=\"tiles\" data-ratiomediumscreen=\"800\" data-ratiomediumheight=\"1.2\" data-ratiosmallscreen=\"480\" data-ratiosmallheight=\"1.6\" data-lightboxtitlestyle=\"bottom\" data-lightboximagepercentage=\"75\" data-lightboxdefaultvideovolume=\"1\" data-lightboxoverlaybgcolor=\"#000\" data-lightboxoverlayopacity=\"0.9\" data-lightboxbgcolor=\"#fff\" data-lightboxtitleprefix=\"%NUM \/ %TOTAL\" data-lightboxtitleinsidecss=\"color:#fff; font-size:16px; font-family:Arial,Helvetica,sans-serif; overflow:hidden; text-align:left;\" data-lightboxdescriptioninsidecss=\"color:#fff; font-size:12px; font-family:Arial,Helvetica,sans-serif; overflow:hidden; text-align:left; margin:4px 0px 0px; padding: 0px;\" data-lightboxslideinterval=\"5000\" data-lightboxtimerposition=\"bottom\" data-lightboxtimercolor=\"#dc572e\" data-lightboxtimeropacity=\"1\" data-lightboxbordersize=\"8\" data-lightboxborderradius=\"0\" data-textcss=\"display:block; padding:8px 16px; text-align:left;\" data-textbgcss=\"display:none;\" data-titlecss=\"display:table; position:relative; font:bold 14px &quot;Lucida Sans Unicode&quot;,&quot;Lucida Grande&quot;,sans-serif,Arial; color:#fff; white-space:nowrap; background-color:#f7a020; padding:10px;\" data-descriptioncss=\"display:block; position:relative; font:12px &quot;Lucida Sans Unicode&quot;,&quot;Lucida Grande&quot;,sans-serif,Arial; color:#fff;  background-color:#e04000; margin-top:10px; padding:10px;\" data-buttoncss=\"display:block; position:relative; margin-top:10px;\" data-titlecssresponsive=\"font-size:12px;\" data-descriptioncssresponsive=\"display:none !important;\" data-buttoncssresponsive=\"\" data-jsfolder=\"https:\/\/seibeca.com\/wp-content\/plugins\/wonderplugin-slider-lite\/engine\/\" style=\"display:none;\" ><ul class=\"amazingslider-slides\"  style=\"display:none;\"><li><img decoding=\"async\" class=\"amazingslider-img-elem amazingsliderimg\" src=\"https:\/\/seibeca.com\/wp-content\/uploads\/2017\/07\/Delta.jpg\" alt=\"\" title=\"\" data-description=\"\" \/><\/li><li><img decoding=\"async\" class=\"amazingslider-img-elem amazingsliderimg\" src=\"https:\/\/seibeca.com\/wp-content\/uploads\/2017\/07\/Foto1.jpg\" alt=\"\" title=\"\" data-description=\"\" \/><\/li><li><img decoding=\"async\" class=\"amazingslider-img-elem amazingsliderimg\" src=\"https:\/\/seibeca.com\/wp-content\/uploads\/2017\/07\/01_delta-electronics-control-industrial-plc-hmi-ethernet-variadores-cnc-servomotores-servodrives-robot-scara-bus-de-campo_ias-automatio.jpg\" alt=\"\" title=\"\" data-description=\"\" \/><\/li><li><img decoding=\"async\" class=\"amazingslider-img-elem amazingsliderimg\" src=\"https:\/\/seibeca.com\/wp-content\/uploads\/2017\/07\/HMI_01.jpg\" alt=\"\" title=\"\" data-description=\"\" \/><\/li><li><img decoding=\"async\" class=\"amazingslider-img-elem amazingsliderimg\" src=\"https:\/\/seibeca.com\/wp-content\/uploads\/2017\/07\/DOP-B.png\" alt=\"\" title=\"\" data-description=\"\" \/><\/li><li><img decoding=\"async\" class=\"amazingslider-img-elem amazingsliderimg\" src=\"https:\/\/seibeca.com\/wp-content\/uploads\/2017\/07\/delta-plc-1.jpg\" alt=\"\" title=\"\" data-description=\"\" \/><\/li><li><img decoding=\"async\" class=\"amazingslider-img-elem amazingsliderimg\" src=\"https:\/\/seibeca.com\/wp-content\/uploads\/2017\/07\/19827-8710607.jpg\" alt=\"\" title=\"\" data-description=\"\" \/><\/li><li><img decoding=\"async\" class=\"amazingslider-img-elem amazingsliderimg\" src=\"https:\/\/seibeca.com\/wp-content\/uploads\/2017\/07\/12.jpg\" alt=\"\" title=\"\" data-description=\"\" \/><video preload=\"none\" data-src=\"https:\/\/youtu.be\/a77N60SszE0\"><\/video><\/li><\/ul><ul class=\"amazingslider-thumbnails\"  style=\"display:none;\"><li><img decoding=\"async\" class=\"amazingslider-thumbnail-elem amazingsliderthumbnailimg\" src=\"https:\/\/seibeca.com\/wp-content\/uploads\/2017\/07\/Delta-150x150.jpg\" alt=\"\" title=\"\" data-description=\"\" \/><\/li><li><img decoding=\"async\" class=\"amazingslider-thumbnail-elem amazingsliderthumbnailimg\" src=\"https:\/\/seibeca.com\/wp-content\/uploads\/2017\/07\/Foto1-150x150.jpg\" alt=\"\" title=\"\" data-description=\"\" \/><\/li><li><img decoding=\"async\" class=\"amazingslider-thumbnail-elem amazingsliderthumbnailimg\" src=\"https:\/\/seibeca.com\/wp-content\/uploads\/2017\/07\/01_delta-electronics-control-industrial-plc-hmi-ethernet-variadores-cnc-servomotores-servodrives-robot-scara-bus-de-campo_ias-automatio-150x150.jpg\" alt=\"\" title=\"\" data-description=\"\" \/><\/li><li><img decoding=\"async\" class=\"amazingslider-thumbnail-elem amazingsliderthumbnailimg\" src=\"https:\/\/seibeca.com\/wp-content\/uploads\/2017\/07\/HMI_01-150x150.jpg\" alt=\"\" title=\"\" data-description=\"\" \/><\/li><li><img decoding=\"async\" class=\"amazingslider-thumbnail-elem amazingsliderthumbnailimg\" src=\"https:\/\/seibeca.com\/wp-content\/uploads\/2017\/07\/DOP-B-150x150.png\" alt=\"\" title=\"\" data-description=\"\" \/><\/li><li><img decoding=\"async\" class=\"amazingslider-thumbnail-elem amazingsliderthumbnailimg\" src=\"https:\/\/seibeca.com\/wp-content\/uploads\/2017\/07\/delta-plc-1-150x150.jpg\" alt=\"\" title=\"\" data-description=\"\" \/><\/li><li><img decoding=\"async\" class=\"amazingslider-thumbnail-elem amazingsliderthumbnailimg\" src=\"https:\/\/seibeca.com\/wp-content\/uploads\/2017\/07\/19827-8710607-150x150.jpg\" alt=\"\" title=\"\" data-description=\"\" \/><\/li><li><img decoding=\"async\" class=\"amazingslider-thumbnail-elem amazingsliderthumbnailimg\" src=\"https:\/\/seibeca.com\/wp-content\/uploads\/2017\/07\/12-150x150.jpg\" alt=\"\" title=\"\" data-description=\"\" \/><\/li><\/ul><\/div><\/div>\n<p>&nbsp;<\/p>\n<p>&nbsp;<\/p>\n<p>SEIBECA C.A, Ofrecemos soluciones integrales a sus necesidades de Actualizaci\u00f3n de Sistemas de Control, y Potencia. Elaboramos Dise\u00f1os, desarrollados en la medida de sus necesidades.<\/p>\n<p>Implementando e Integrando el uso de equipos y tecnolog\u00edas de Vanguardia.<\/p>\n<p>Garantizando la rentabilidad y durabilidad de su Inversi\u00f3n y Maquinaria.<\/p>\n<p>Le ofrecemos el Soporte t\u00e9cnico y asistencia Post-Venta, En SEIBECA C.A, ponemos a su disposici\u00f3n un Grupo de Especialistas en diversas a\u00e9reas dispuestos a Solventar su Necesidad.<\/p>\n<p>Ofrecemos nuestra experiencia en las A\u00e9reas de :<\/p>\n<p><strong>\u00b7\u00a0\u00a0\u00a0\u00a0\u00a0\u00a0\u00a0\u00a0\u00a0<a href=\"https:\/\/www.seibeca.com\/index.php\/automatizacion-industrial\/\">Automatizaci\u00f3n Industrial .<\/a><\/strong><\/p>\n<p><strong>\u00b7\u00a0\u00a0\u00a0\u00a0\u00a0\u00a0\u00a0\u00a0<a href=\"https:\/\/www.seibeca.com\/index.php\/category\/ingeniera-de-proyectos\/\">\u00a0Ingenier\u00eda de Proyectos<\/a><\/strong><\/p>\n<p><strong>\u00b7\u00a0\u00a0\u00a0\u00a0\u00a0\u00a0\u00a0\u00a0\u00a0<a href=\"https:\/\/www.seibeca.com\/index.php\/category\/reparacion-de-equipos-electronicos\/\">Reparaci\u00f3n de Equipos Electr\u00f3nicos<\/a><\/strong><\/p>\n<p><strong>\u00b7\u00a0\u00a0\u00a0\u00a0\u00a0\u00a0\u00a0\u00a0\u00a0<a href=\"https:\/\/www.seibeca.com\/index.php\/category\/obras-y-montajes\/\">Obras y Montajes<\/a><\/strong><\/p>\n","protected":false},"excerpt":{"rendered":"<p>&nbsp; &nbsp; SEIBECA C.A, Ofrecemos soluciones integrales a sus necesidades de Actualizaci\u00f3n de Sistemas de Control, y Potencia. Elaboramos Dise\u00f1os, desarrollados en la medida de sus necesidades. Implementando e Integrando el uso de equipos y tecnolog\u00edas de Vanguardia. Garantizando la rentabilidad y durabilidad de su Inversi\u00f3n y Maquinaria. Le ofrecemos el Soporte t\u00e9cnico y asistencia [&hellip;]<\/p>\n","protected":false},"author":2,"featured_media":0,"parent":0,"menu_order":0,"comment_status":"closed","ping_status":"closed","template":"","meta":{"_monsterinsights_skip_tracking":false,"_monsterinsights_sitenote_active":false,"_monsterinsights_sitenote_note":"","_monsterinsights_sitenote_category":0,"footnotes":""},"class_list":["post-146","page","type-page","status-publish","hentry"],"_links":{"self":[{"href":"https:\/\/seibeca.com\/index.php\/wp-json\/wp\/v2\/pages\/146","targetHints":{"allow":["GET"]}}],"collection":[{"href":"https:\/\/seibeca.com\/index.php\/wp-json\/wp\/v2\/pages"}],"about":[{"href":"https:\/\/seibeca.com\/index.php\/wp-json\/wp\/v2\/types\/page"}],"author":[{"embeddable":true,"href":"https:\/\/seibeca.com\/index.php\/wp-json\/wp\/v2\/users\/2"}],"replies":[{"embeddable":true,"href":"https:\/\/seibeca.com\/index.php\/wp-json\/wp\/v2\/comments?post=146"}],"version-history":[{"count":13,"href":"https:\/\/seibeca.com\/index.php\/wp-json\/wp\/v2\/pages\/146\/revisions"}],"predecessor-version":[{"id":551,"href":"https:\/\/seibeca.com\/index.php\/wp-json\/wp\/v2\/pages\/146\/revisions\/551"}],"wp:attachment":[{"href":"https:\/\/seibeca.com\/index.php\/wp-json\/wp\/v2\/media?parent=146"}],"curies":[{"name":"wp","href":"https:\/\/api.w.org\/{rel}","templated":true}]}}