{"id":1048,"date":"2017-09-24T10:15:19","date_gmt":"2017-09-24T14:15:19","guid":{"rendered":"https:\/\/seibeca.com\/?post_type=product&#038;p=1048"},"modified":"2017-09-24T10:16:35","modified_gmt":"2017-09-24T14:16:35","slug":"filtro-bomba-de-vacio-becker-34x52-copia-2","status":"publish","type":"product","link":"https:\/\/seibeca.com\/index.php\/producto\/filtro-bomba-de-vacio-becker-34x52-copia-2\/","title":{"rendered":"Filtro Bomba de Vacio Becker 34&#215;52"},"content":{"rendered":"<h2>Caracter\u00edsticas<\/h2>\n<table id=\"product-attribute-specs-table\" class=\"data-table\">\n<colgroup>\n<col width=\"25%\" \/>\n<col \/><\/colgroup>\n<thead>\n<tr class=\"first last\">\n<th>Tipo<\/th>\n<th>Informaci\u00f3n<\/th>\n<\/tr>\n<\/thead>\n<tbody>\n<tr class=\"first odd\">\n<th class=\"title\">C\u00f3digo de proveedor<\/th>\n<td class=\"data last\">34X52<\/td>\n<\/tr>\n<tr class=\"even\">\n<th class=\"title\">N\u00famero de parte<\/th>\n<td class=\"data last\">Fil34x52<\/td>\n<\/tr>\n<tr class=\"odd\">\n<th class=\"title\">Antiguo n\u00famero de parte<\/th>\n<td class=\"data last\"><\/td>\n<\/tr>\n<tr class=\"last even\">\n<th class=\"title\">Unidad<\/th>\n<td class=\"data last\">\u00a0PZA<\/td>\n<\/tr>\n<\/tbody>\n<\/table>\n","protected":false},"excerpt":{"rendered":"<p>Caracter\u00edsticas Tipo Informaci\u00f3n C\u00f3digo de proveedor 34X52 N\u00famero de parte Fil34x52 Antiguo n\u00famero de parte Unidad \u00a0PZA<\/p>\n","protected":false},"featured_media":1045,"comment_status":"open","ping_status":"closed","template":"","meta":{"_monsterinsights_skip_tracking":false,"_monsterinsights_sitenote_active":false,"_monsterinsights_sitenote_note":"","_monsterinsights_sitenote_category":0},"product_brand":[],"product_cat":[36,18],"product_tag":[95,93,92,94],"class_list":{"0":"post-1048","1":"product","2":"type-product","3":"status-publish","4":"has-post-thumbnail","6":"product_cat-komori","7":"product_cat-repuestos-graficos","8":"product_tag-becker","9":"product_tag-bomba","10":"product_tag-filtro","11":"product_tag-vacio","13":"first","14":"instock","15":"shipping-taxable","16":"purchasable","17":"product-type-simple"},"_links":{"self":[{"href":"https:\/\/seibeca.com\/index.php\/wp-json\/wp\/v2\/product\/1048","targetHints":{"allow":["GET"]}}],"collection":[{"href":"https:\/\/seibeca.com\/index.php\/wp-json\/wp\/v2\/product"}],"about":[{"href":"https:\/\/seibeca.com\/index.php\/wp-json\/wp\/v2\/types\/product"}],"replies":[{"embeddable":true,"href":"https:\/\/seibeca.com\/index.php\/wp-json\/wp\/v2\/comments?post=1048"}],"wp:featuredmedia":[{"embeddable":true,"href":"https:\/\/seibeca.com\/index.php\/wp-json\/wp\/v2\/media\/1045"}],"wp:attachment":[{"href":"https:\/\/seibeca.com\/index.php\/wp-json\/wp\/v2\/media?parent=1048"}],"wp:term":[{"taxonomy":"product_brand","embeddable":true,"href":"https:\/\/seibeca.com\/index.php\/wp-json\/wp\/v2\/product_brand?post=1048"},{"taxonomy":"product_cat","embeddable":true,"href":"https:\/\/seibeca.com\/index.php\/wp-json\/wp\/v2\/product_cat?post=1048"},{"taxonomy":"product_tag","embeddable":true,"href":"https:\/\/seibeca.com\/index.php\/wp-json\/wp\/v2\/product_tag?post=1048"}],"curies":[{"name":"wp","href":"https:\/\/api.w.org\/{rel}","templated":true}]}}