{"id":1125,"date":"2018-03-21T17:16:04","date_gmt":"2018-03-21T21:16:04","guid":{"rendered":"https:\/\/seibeca.com\/?post_type=product&#038;p=1125"},"modified":"2018-03-21T17:41:28","modified_gmt":"2018-03-21T21:41:28","slug":"amp-fibra-optica-ou5001-marca-ifm-copia","status":"publish","type":"product","link":"https:\/\/seibeca.com\/index.php\/producto\/amp-fibra-optica-ou5001-marca-ifm-copia\/","title":{"rendered":"Amplificador para Fibra Optica OU5001. OUF HPKG Marca IFM"},"content":{"rendered":"<table style=\"height: 779px;\" width=\"608\">\n<tbody>\n<tr>\n<td>\n<table class=\"pd-table\" style=\"height: 200px;\" width=\"595\">\n<tbody>\n<tr>\n<th class=\"pd-table-h1\" style=\"text-align: left;\" colspan=\"2\">Datos el\u00e9ctricos<\/th>\n<\/tr>\n<tr>\n<td>Tensi\u00f3n de alimentaci\u00f3n [V]<\/td>\n<td style=\"text-align: center;\">10&#8230;36 DC<\/td>\n<\/tr>\n<tr>\n<td>Consumo de corriente [mA]<\/td>\n<td style=\"text-align: center;\">35; ((24 V))<\/td>\n<\/tr>\n<tr>\n<td>Clase de protecci\u00f3n<\/td>\n<td style=\"text-align: center;\">II<\/td>\n<\/tr>\n<tr>\n<td>Protecci\u00f3n contra inversiones de polaridad<\/td>\n<td style=\"text-align: center;\">s\u00ed<\/td>\n<\/tr>\n<tr>\n<td>Tipo de luz<\/td>\n<td style=\"text-align: center;\">luz infrarroja<\/td>\n<\/tr>\n<tr>\n<td>Longitud de onda [nm]<\/td>\n<td style=\"text-align: center;\">880<\/td>\n<\/tr>\n<\/tbody>\n<\/table>\n<\/td>\n<td><\/td>\n<td><\/td>\n<\/tr>\n<tr>\n<td>\n<table class=\"pd-table\" style=\"height: 270px;\" width=\"595\">\n<tbody>\n<tr>\n<th class=\"pd-table-h1\" style=\"text-align: left;\" colspan=\"2\"><strong>Salidas<\/strong><\/th>\n<\/tr>\n<tr>\n<td>Funci\u00f3n de salida<\/td>\n<td>modo luz<\/td>\n<\/tr>\n<tr>\n<td>Ca\u00edda de tensi\u00f3n m\u00e1x. de la salida de conmutaci\u00f3n DC [V]<\/td>\n<td style=\"text-align: center;\">2,5<\/td>\n<\/tr>\n<tr>\n<td>Corriente m\u00e1xima permanente de la salida de conmutaci\u00f3n DC [mA]<\/td>\n<td style=\"text-align: center;\">250<\/td>\n<\/tr>\n<tr>\n<td>Frecuencia de conmutaci\u00f3n DC [Hz]<\/td>\n<td style=\"text-align: center;\">100<\/td>\n<\/tr>\n<tr>\n<td>Alimentaci\u00f3n<\/td>\n<td style=\"text-align: center;\">PNP<\/td>\n<\/tr>\n<tr>\n<td>Protecci\u00f3n contra cortocircuitos<\/td>\n<td style=\"text-align: center;\">s\u00ed<\/td>\n<\/tr>\n<tr>\n<td>Tipo de protecci\u00f3n contra cortocircuitos<\/td>\n<td>pulsada<\/td>\n<\/tr>\n<tr>\n<td>Resistente a sobrecargas<\/td>\n<td style=\"text-align: center;\">s\u00ed<\/td>\n<\/tr>\n<\/tbody>\n<\/table>\n<\/td>\n<td><\/td>\n<td><\/td>\n<\/tr>\n<tr>\n<td>\n<table class=\"pd-table\" style=\"height: 121px;\" width=\"590\">\n<tbody>\n<tr>\n<th class=\"pd-table-h1\" style=\"text-align: left;\" colspan=\"2\">Rango de detecci\u00f3n<\/th>\n<\/tr>\n<tr>\n<td>Alcance [m]<\/td>\n<td style=\"text-align: center;\">&lt; 0,12; (Barrera foto\u00e9lectrica)<\/td>\n<\/tr>\n<tr>\n<td>Alcance [mm]<\/td>\n<td style=\"text-align: center;\">&lt; 40; (Sistema de reflexi\u00f3n directa)<\/td>\n<\/tr>\n<tr>\n<td>Alcance ajustable<\/td>\n<td style=\"text-align: center;\">s\u00ed<\/td>\n<\/tr>\n<\/tbody>\n<\/table>\n<\/td>\n<td><\/td>\n<td><\/td>\n<\/tr>\n<tr>\n<td>\n<table class=\"pd-table\" style=\"height: 75px;\" width=\"594\">\n<tbody>\n<tr>\n<th class=\"pd-table-h1\" colspan=\"2\">Condiciones ambientales<\/th>\n<\/tr>\n<tr>\n<td>Temperatura ambiente [\u00b0C]<\/td>\n<td style=\"text-align: center;\">-25&#8230;80<\/td>\n<\/tr>\n<tr>\n<td>Grado de protecci\u00f3n<\/td>\n<td style=\"text-align: center;\">IP 65<\/td>\n<\/tr>\n<\/tbody>\n<\/table>\n<\/td>\n<td>\n<div class=\"lockUpperCase\"><\/div>\n<\/td>\n<td><\/td>\n<\/tr>\n<tr>\n<td>\n<table class=\"pd-table\" style=\"height: 62px;\" width=\"599\">\n<tbody>\n<tr>\n<th class=\"pd-table-h1\" style=\"text-align: left;\" colspan=\"2\"><strong>Conexi\u00f3n el\u00e9ctrica<\/strong><\/th>\n<\/tr>\n<tr>\n<td>Conexi\u00f3n<\/td>\n<td>Cable: 2 m, PVC; 3 x 0,34 mm\u00b2<\/td>\n<\/tr>\n<\/tbody>\n<\/table>\n<\/td>\n<td><\/td>\n<td><\/td>\n<\/tr>\n<tr>\n<td><\/td>\n<td><\/td>\n<td><\/td>\n<\/tr>\n<\/tbody>\n<\/table>\n","protected":false},"excerpt":{"rendered":"<p><a href=\"https:\/\/www.ifm.com\/es\/es\/product\/ou5001\">Amplificador IFM OU5001<\/a><\/p>\n","protected":false},"featured_media":1128,"comment_status":"open","ping_status":"closed","template":"","meta":{"_monsterinsights_skip_tracking":false,"_monsterinsights_sitenote_active":false,"_monsterinsights_sitenote_note":"","_monsterinsights_sitenote_category":0},"product_brand":[],"product_cat":[17],"product_tag":[109,107,108,22],"class_list":{"0":"post-1125","1":"product","2":"type-product","3":"status-publish","4":"has-post-thumbnail","6":"product_cat-repuestos-electronicos","7":"product_tag-amplificador","8":"product_tag-fibra","9":"product_tag-optica","10":"product_tag-sensor","12":"first","13":"instock","14":"shipping-taxable","15":"purchasable","16":"product-type-simple"},"_links":{"self":[{"href":"https:\/\/seibeca.com\/index.php\/wp-json\/wp\/v2\/product\/1125","targetHints":{"allow":["GET"]}}],"collection":[{"href":"https:\/\/seibeca.com\/index.php\/wp-json\/wp\/v2\/product"}],"about":[{"href":"https:\/\/seibeca.com\/index.php\/wp-json\/wp\/v2\/types\/product"}],"replies":[{"embeddable":true,"href":"https:\/\/seibeca.com\/index.php\/wp-json\/wp\/v2\/comments?post=1125"}],"wp:featuredmedia":[{"embeddable":true,"href":"https:\/\/seibeca.com\/index.php\/wp-json\/wp\/v2\/media\/1128"}],"wp:attachment":[{"href":"https:\/\/seibeca.com\/index.php\/wp-json\/wp\/v2\/media?parent=1125"}],"wp:term":[{"taxonomy":"product_brand","embeddable":true,"href":"https:\/\/seibeca.com\/index.php\/wp-json\/wp\/v2\/product_brand?post=1125"},{"taxonomy":"product_cat","embeddable":true,"href":"https:\/\/seibeca.com\/index.php\/wp-json\/wp\/v2\/product_cat?post=1125"},{"taxonomy":"product_tag","embeddable":true,"href":"https:\/\/seibeca.com\/index.php\/wp-json\/wp\/v2\/product_tag?post=1125"}],"curies":[{"name":"wp","href":"https:\/\/api.w.org\/{rel}","templated":true}]}}