{"id":1446,"date":"2020-02-03T10:24:29","date_gmt":"2020-02-03T14:24:29","guid":{"rendered":"https:\/\/seibeca.com\/?post_type=product&#038;p=1446"},"modified":"2020-02-03T10:27:03","modified_gmt":"2020-02-03T14:27:03","slug":"amplificador-para-fibra-optica-vrf-sn-marca-sick-copia","status":"publish","type":"product","link":"https:\/\/seibeca.com\/index.php\/producto\/amplificador-para-fibra-optica-vrf-sn-marca-sick-copia\/","title":{"rendered":"Amplificador para Fibra Optica VRF-SN Marca SICK"},"content":{"rendered":"<p>&nbsp;<\/p>\n<table style=\"height: 779px;\" width=\"608\">\n<tbody>\n<tr>\n<td>\n<table class=\"pd-table\" style=\"height: 200px;\" width=\"595\">\n<tbody>\n<tr>\n<th class=\"pd-table-h1\" style=\"text-align: left;\" colspan=\"2\">Datos el\u00e9ctricos<\/th>\n<\/tr>\n<tr>\n<td>Tensi\u00f3n de alimentaci\u00f3n [V]<\/td>\n<td style=\"text-align: center;\">10&#8230;30 DC<\/td>\n<\/tr>\n<tr>\n<td>Consumo de corriente [mA]<\/td>\n<td style=\"text-align: center;\">30; ((24 V))<\/td>\n<\/tr>\n<tr>\n<td>Clase de protecci\u00f3n<\/td>\n<td style=\"text-align: center;\">II<\/td>\n<\/tr>\n<tr>\n<td>Protecci\u00f3n contra inversiones de polaridad<\/td>\n<td style=\"text-align: center;\">s\u00ed<\/td>\n<\/tr>\n<tr>\n<td>Tipo de luz<\/td>\n<td style=\"text-align: center;\">luz infrarroja<\/td>\n<\/tr>\n<tr>\n<td>Longitud de onda [nm]<\/td>\n<td style=\"text-align: center;\">660<\/td>\n<\/tr>\n<\/tbody>\n<\/table>\n<\/td>\n<td><\/td>\n<td><\/td>\n<\/tr>\n<tr>\n<td>\n<table class=\"pd-table\" style=\"height: 270px;\" width=\"595\">\n<tbody>\n<tr>\n<th class=\"pd-table-h1\" style=\"text-align: left;\" colspan=\"2\"><strong>Salidas<\/strong><\/th>\n<\/tr>\n<tr>\n<td>Funci\u00f3n de salida<\/td>\n<td>modo luz<\/td>\n<\/tr>\n<tr>\n<td>Ca\u00edda de tensi\u00f3n m\u00e1x. de la salida de conmutaci\u00f3n DC [V]<\/td>\n<td style=\"text-align: center;\">2,5<\/td>\n<\/tr>\n<tr>\n<td>Corriente m\u00e1xima permanente de la salida de conmutaci\u00f3n DC [mA]<\/td>\n<td style=\"text-align: center;\">250<\/td>\n<\/tr>\n<tr>\n<td>Frecuencia de conmutaci\u00f3n DC [Hz]<\/td>\n<td style=\"text-align: center;\">100<\/td>\n<\/tr>\n<tr>\n<td>Alimentaci\u00f3n<\/td>\n<td style=\"text-align: center;\">PNP<\/td>\n<\/tr>\n<tr>\n<td>Protecci\u00f3n contra cortocircuitos<\/td>\n<td style=\"text-align: center;\">s\u00ed<\/td>\n<\/tr>\n<tr>\n<td>Tipo de protecci\u00f3n contra cortocircuitos<\/td>\n<td>pulsada<\/td>\n<\/tr>\n<tr>\n<td>Resistente a sobrecargas<\/td>\n<td style=\"text-align: center;\">s\u00ed<\/td>\n<\/tr>\n<\/tbody>\n<\/table>\n<\/td>\n<td><\/td>\n<td><\/td>\n<\/tr>\n<tr>\n<td>\n<table class=\"pd-table\" style=\"height: 121px;\" width=\"590\">\n<tbody>\n<tr>\n<th class=\"pd-table-h1\" style=\"text-align: left;\" colspan=\"2\">Rango de detecci\u00f3n<\/th>\n<\/tr>\n<tr>\n<td>Sensing range max<\/td>\n<td style=\"text-align: center;\">0 &#8230;2000<\/td>\n<\/tr>\n<tr>\n<td>Sensing range<\/td>\n<td style=\"text-align: center;\">0&#8230;400<\/td>\n<\/tr>\n<tr>\n<td>Alcance ajustable<\/td>\n<td style=\"text-align: center;\">s\u00ed<\/td>\n<\/tr>\n<\/tbody>\n<\/table>\n<\/td>\n<td><\/td>\n<td><\/td>\n<\/tr>\n<tr>\n<td>\n<table class=\"pd-table\" style=\"height: 75px;\" width=\"594\">\n<tbody>\n<tr>\n<th class=\"pd-table-h1\" colspan=\"2\">Condiciones ambientales<\/th>\n<\/tr>\n<tr>\n<td>Temperatura ambiente [\u00b0C]<\/td>\n<td style=\"text-align: center;\">-25&#8230;55<\/td>\n<\/tr>\n<tr>\n<td>Grado de protecci\u00f3n<\/td>\n<td style=\"text-align: center;\">IP 66<\/td>\n<\/tr>\n<\/tbody>\n<\/table>\n<\/td>\n<td>\n<div class=\"lockUpperCase\"><\/div>\n<\/td>\n<td><\/td>\n<\/tr>\n<tr>\n<td>\n<table class=\"pd-table\" style=\"height: 62px;\" width=\"599\">\n<tbody>\n<tr>\n<th class=\"pd-table-h1\" style=\"text-align: left;\" colspan=\"2\"><strong>Conexi\u00f3n el\u00e9ctrica<\/strong><\/th>\n<\/tr>\n<tr>\n<td>Conexi\u00f3n<\/td>\n<td>Cable: 2 m, PVC; 3 x 0,2 mm\u00b2<\/td>\n<\/tr>\n<\/tbody>\n<\/table>\n<\/td>\n<td><\/td>\n<td><\/td>\n<\/tr>\n<tr>\n<td><\/td>\n<td><\/td>\n<td><\/td>\n<\/tr>\n<\/tbody>\n<\/table>\n","protected":false},"excerpt":{"rendered":"<p>&nbsp; Datos el\u00e9ctricos Tensi\u00f3n de alimentaci\u00f3n [V] 10&#8230;30 DC Consumo de corriente [mA] 30; ((24 V)) Clase de protecci\u00f3n II Protecci\u00f3n contra inversiones de polaridad s\u00ed Tipo de luz luz infrarroja Longitud de onda [nm] 660 Salidas Funci\u00f3n de salida modo luz Ca\u00edda de tensi\u00f3n m\u00e1x. de la salida de conmutaci\u00f3n DC [V] 2,5 Corriente [&hellip;]<\/p>\n","protected":false},"featured_media":1136,"comment_status":"open","ping_status":"closed","template":"","meta":{"_monsterinsights_skip_tracking":false,"_monsterinsights_sitenote_active":false,"_monsterinsights_sitenote_note":"","_monsterinsights_sitenote_category":0},"product_brand":[],"product_cat":[111,17],"product_tag":[109,107,108,22],"class_list":{"0":"post-1446","1":"product","2":"type-product","3":"status-publish","4":"has-post-thumbnail","6":"product_cat-usado","7":"product_cat-repuestos-electronicos","8":"product_tag-amplificador","9":"product_tag-fibra","10":"product_tag-optica","11":"product_tag-sensor","13":"first","14":"instock","15":"shipping-taxable","16":"purchasable","17":"product-type-simple"},"_links":{"self":[{"href":"https:\/\/seibeca.com\/index.php\/wp-json\/wp\/v2\/product\/1446","targetHints":{"allow":["GET"]}}],"collection":[{"href":"https:\/\/seibeca.com\/index.php\/wp-json\/wp\/v2\/product"}],"about":[{"href":"https:\/\/seibeca.com\/index.php\/wp-json\/wp\/v2\/types\/product"}],"replies":[{"embeddable":true,"href":"https:\/\/seibeca.com\/index.php\/wp-json\/wp\/v2\/comments?post=1446"}],"wp:featuredmedia":[{"embeddable":true,"href":"https:\/\/seibeca.com\/index.php\/wp-json\/wp\/v2\/media\/1136"}],"wp:attachment":[{"href":"https:\/\/seibeca.com\/index.php\/wp-json\/wp\/v2\/media?parent=1446"}],"wp:term":[{"taxonomy":"product_brand","embeddable":true,"href":"https:\/\/seibeca.com\/index.php\/wp-json\/wp\/v2\/product_brand?post=1446"},{"taxonomy":"product_cat","embeddable":true,"href":"https:\/\/seibeca.com\/index.php\/wp-json\/wp\/v2\/product_cat?post=1446"},{"taxonomy":"product_tag","embeddable":true,"href":"https:\/\/seibeca.com\/index.php\/wp-json\/wp\/v2\/product_tag?post=1446"}],"curies":[{"name":"wp","href":"https:\/\/api.w.org\/{rel}","templated":true}]}}