{"id":1448,"date":"2020-02-03T10:42:57","date_gmt":"2020-02-03T14:42:57","guid":{"rendered":"https:\/\/seibeca.com\/?post_type=product&#038;p=1448"},"modified":"2020-02-03T11:02:55","modified_gmt":"2020-02-03T15:02:55","slug":"sensor-de-proximidad-inductivo-festo","status":"publish","type":"product","link":"https:\/\/seibeca.com\/index.php\/producto\/sensor-de-proximidad-inductivo-festo\/","title":{"rendered":"Sensor de Proximidad Inductivo  30471 FESTO"},"content":{"rendered":"<hr \/>\n<p>Datos t\u00e9cnicos<br \/>\nTensi\u00f3n de funcionamiento 10 &#8230; 30 V DC (=Ub)<br \/>\nRizado residual m\u00e1ximo \u00b1 10% Ub<br \/>\nCorriente de conmut. max. 200 mA<br \/>\nCarga m\u00e1xima 6 W (carga \u201dhmica)<br \/>\nTiempo de respuesta Conexi\u00f3n: &lt; 0,3 ms<br \/>\nDesconexion: &lt; 2,7 ms<br \/>\nFrecuencia de conmut. m\u00b7x. 1 kHz<br \/>\nProtecci\u00f3n contra<br \/>\ncortocircuito<br \/>\nsi<br \/>\nProtecci\u00f3n contra polaridad<br \/>\ninversa<br \/>\nsi<br \/>\nTemperatura del ambiente<br \/>\n(cable inmovil)<br \/>\n(cable en movimiento)<br \/>\n-20 \u00b0C &#8230; +70 \u00b0C<br \/>\n-5 \u00b0C &#8230; +70 \u00b0C<br \/>\nTemp. de almacenamiento -20 \u00b0C &#8230; +70 \u00b0C<br \/>\nTipo de protecci\u00f3n IP 65\/67 seg\u02d9n<br \/>\nEN 60 529<br \/>\nMateriales del cuerpo PTB, Fundici\u00f3n de<br \/>\nzinc inyectada, Epoxi<br \/>\nMaterial del cable PUR<\/p>\n<p>&nbsp;<\/p>\n<table style=\"height: 26px;\" width=\"192\">\n<tbody>\n<tr>\n<td><\/td>\n<td><\/td>\n<td><\/td>\n<\/tr>\n<tr>\n<td><\/td>\n<td><\/td>\n<td><\/td>\n<\/tr>\n<\/tbody>\n<\/table>\n<hr \/>\n<p>&nbsp;<\/p>\n","protected":false},"excerpt":{"rendered":"<p>Datos t\u00e9cnicos Tensi\u00f3n de funcionamiento 10 &#8230; 30 V DC (=Ub) Rizado residual m\u00e1ximo \u00b1 10% Ub Corriente de conmut. max. 200 mA Carga m\u00e1xima 6 W (carga \u201dhmica) Tiempo de respuesta Conexi\u00f3n: &lt; 0,3 ms Desconexion: &lt; 2,7 ms Frecuencia de conmut. m\u00b7x. 1 kHz Protecci\u00f3n contra cortocircuito si Protecci\u00f3n contra polaridad inversa si [&hellip;]<\/p>\n","protected":false},"featured_media":1449,"comment_status":"open","ping_status":"closed","template":"","meta":{"_monsterinsights_skip_tracking":false,"_monsterinsights_sitenote_active":false,"_monsterinsights_sitenote_note":"","_monsterinsights_sitenote_category":0},"product_brand":[],"product_cat":[111,17],"product_tag":[91,22],"class_list":{"0":"post-1448","1":"product","2":"type-product","3":"status-publish","4":"has-post-thumbnail","6":"product_cat-usado","7":"product_cat-repuestos-electronicos","8":"product_tag-proximidad","9":"product_tag-sensor","11":"first","12":"instock","13":"shipping-taxable","14":"purchasable","15":"product-type-simple"},"_links":{"self":[{"href":"https:\/\/seibeca.com\/index.php\/wp-json\/wp\/v2\/product\/1448","targetHints":{"allow":["GET"]}}],"collection":[{"href":"https:\/\/seibeca.com\/index.php\/wp-json\/wp\/v2\/product"}],"about":[{"href":"https:\/\/seibeca.com\/index.php\/wp-json\/wp\/v2\/types\/product"}],"replies":[{"embeddable":true,"href":"https:\/\/seibeca.com\/index.php\/wp-json\/wp\/v2\/comments?post=1448"}],"wp:featuredmedia":[{"embeddable":true,"href":"https:\/\/seibeca.com\/index.php\/wp-json\/wp\/v2\/media\/1449"}],"wp:attachment":[{"href":"https:\/\/seibeca.com\/index.php\/wp-json\/wp\/v2\/media?parent=1448"}],"wp:term":[{"taxonomy":"product_brand","embeddable":true,"href":"https:\/\/seibeca.com\/index.php\/wp-json\/wp\/v2\/product_brand?post=1448"},{"taxonomy":"product_cat","embeddable":true,"href":"https:\/\/seibeca.com\/index.php\/wp-json\/wp\/v2\/product_cat?post=1448"},{"taxonomy":"product_tag","embeddable":true,"href":"https:\/\/seibeca.com\/index.php\/wp-json\/wp\/v2\/product_tag?post=1448"}],"curies":[{"name":"wp","href":"https:\/\/api.w.org\/{rel}","templated":true}]}}