{"id":1473,"date":"2021-07-31T12:27:35","date_gmt":"2021-07-31T16:27:35","guid":{"rendered":"https:\/\/seibeca.com\/?post_type=product&#038;p=1473"},"modified":"2021-07-31T12:49:08","modified_gmt":"2021-07-31T16:49:08","slug":"cilindro-de-cuerpo-redondo-smc-l-cd85we16-20c-b","status":"publish","type":"product","link":"https:\/\/seibeca.com\/index.php\/producto\/cilindro-de-cuerpo-redondo-smc-l-cd85we16-20c-b\/","title":{"rendered":"Cilindro de Cuerpo Redondo SMC L-CD85WE16-20C-B"},"content":{"rendered":"<h2>Caracter\u00edsticas<\/h2>\n<table id=\"product-attribute-specs-table\" class=\"data-table\">\n<colgroup>\n<col width=\"25%\" \/>\n<col \/><\/colgroup>\n<thead>\n<tr class=\"first last\">\n<th>Tipo<\/th>\n<th>Informaci\u00f3n<\/th>\n<\/tr>\n<\/thead>\n<tbody>\n<tr class=\"first odd\">\n<th class=\"title\">C\u00f3digo de proveedor<\/th>\n<td class=\"data last\">\n<table style=\"height: 53px;\" width=\"167\">\n<tbody>\n<tr>\n<td width=\"152\">L-CD85WE16-20C-B<\/td>\n<\/tr>\n<\/tbody>\n<\/table>\n<\/td>\n<\/tr>\n<tr class=\"even\">\n<th class=\"title\">N\u00famero de parte<\/th>\n<td class=\"data last\"><\/td>\n<\/tr>\n<tr class=\"odd\">\n<th class=\"title\">Antiguo n\u00famero de parte<\/th>\n<td class=\"data last\"><\/td>\n<\/tr>\n<tr class=\"last even\">\n<th class=\"title\">Unidad<\/th>\n<td class=\"data last\">\u00a0PZA<\/td>\n<\/tr>\n<\/tbody>\n<\/table>\n","protected":false},"excerpt":{"rendered":"<p>&nbsp;<\/p>\n<p>La serie C85 cumple con ISO 6432 y CETOP RP52P.\u00a0El C85 est\u00e1 disponible en di\u00e1metros de 8 mm a 25 mm con carreras est\u00e1ndar que van desde 10 mm a 300 mm.\u00a0Un dise\u00f1o exclusivo de empaquetadura de varilla evita la entrada de polvo y la eficacia del sello es tal que el C85 es adecuado para su uso en entornos extremadamente polvorientos.\u00a0Con empaquetaduras resistentes a la abrasi\u00f3n y sellos de nariz reemplazables, el C85 ofrece una vida \u00fatil excepcional.<\/p>\n<ul>\n<li>Cilindro ISO, doble efecto, v\u00e1stago doble<\/li>\n<li>Fluido: aire<\/li>\n<li>Tama\u00f1os de agujero *: 8, 10, 12, 16, 20, 25<\/li>\n<li>Trazos *: hasta 300 *<\/li>\n<li>Detectores magn\u00e9ticos disponibles<\/li>\n<\/ul>\n<p><em><span style=\"color: #3366ff;\"><a style=\"color: #3366ff;\" href=\"https:\/\/www.smcpneumatics.com\/pdfs\/C85.pdf\" target=\"_blank\" rel=\"noopener\">Ir al Manual<\/a><\/span><\/em><\/p>\n","protected":false},"featured_media":1474,"comment_status":"open","ping_status":"closed","template":"","meta":{"_monsterinsights_skip_tracking":false,"_monsterinsights_sitenote_active":false,"_monsterinsights_sitenote_note":"","_monsterinsights_sitenote_category":0},"product_brand":[],"product_cat":[110],"product_tag":[32,31,132],"class_list":{"0":"post-1473","1":"product","2":"type-product","3":"status-publish","4":"has-post-thumbnail","6":"product_cat-repuestos-neumaticos","7":"product_tag-neumatico","8":"product_tag-piston","9":"product_tag-smc","11":"first","12":"instock","13":"shipping-taxable","14":"purchasable","15":"product-type-simple"},"_links":{"self":[{"href":"https:\/\/seibeca.com\/index.php\/wp-json\/wp\/v2\/product\/1473","targetHints":{"allow":["GET"]}}],"collection":[{"href":"https:\/\/seibeca.com\/index.php\/wp-json\/wp\/v2\/product"}],"about":[{"href":"https:\/\/seibeca.com\/index.php\/wp-json\/wp\/v2\/types\/product"}],"replies":[{"embeddable":true,"href":"https:\/\/seibeca.com\/index.php\/wp-json\/wp\/v2\/comments?post=1473"}],"wp:featuredmedia":[{"embeddable":true,"href":"https:\/\/seibeca.com\/index.php\/wp-json\/wp\/v2\/media\/1474"}],"wp:attachment":[{"href":"https:\/\/seibeca.com\/index.php\/wp-json\/wp\/v2\/media?parent=1473"}],"wp:term":[{"taxonomy":"product_brand","embeddable":true,"href":"https:\/\/seibeca.com\/index.php\/wp-json\/wp\/v2\/product_brand?post=1473"},{"taxonomy":"product_cat","embeddable":true,"href":"https:\/\/seibeca.com\/index.php\/wp-json\/wp\/v2\/product_cat?post=1473"},{"taxonomy":"product_tag","embeddable":true,"href":"https:\/\/seibeca.com\/index.php\/wp-json\/wp\/v2\/product_tag?post=1473"}],"curies":[{"name":"wp","href":"https:\/\/api.w.org\/{rel}","templated":true}]}}