{"id":1545,"date":"2024-04-18T21:00:05","date_gmt":"2024-04-19T01:00:05","guid":{"rendered":"https:\/\/seibeca.com\/?post_type=product&#038;p=1545"},"modified":"2024-04-20T14:49:31","modified_gmt":"2024-04-20T18:49:31","slug":"sensor-de-presion-keyence-ap-32a","status":"publish","type":"product","link":"https:\/\/seibeca.com\/index.php\/producto\/sensor-de-presion-keyence-ap-32a\/","title":{"rendered":"Sensor de Presi\u00f3n Keyence AP-32A"},"content":{"rendered":"<table class=\"specTable-stibo-3282397\">\n<tbody>\n<tr class=\"specTable-row\">\n<td class=\"specTable-clm-0\" colspan=\"4\">Modelo<\/td>\n<td class=\"specTable-clm-4\">AP-32A<\/td>\n<\/tr>\n<tr class=\"specTable-row\">\n<td class=\"specTable-clm-0\" colspan=\"4\">Tipo<\/td>\n<td class=\"specTable-clm-4\">Presi\u00f3n positiva , Anal\u00f3gica<\/td>\n<\/tr>\n<tr class=\"specTable-row\">\n<td class=\"specTable-clm-0\" colspan=\"4\">Presi\u00f3n nominal<\/td>\n<td class=\"specTable-clm-4\">0 a 100.0 kPa<\/td>\n<\/tr>\n<tr class=\"specTable-row\">\n<td class=\"specTable-clm-0\" colspan=\"4\">Fluidos detectables<\/td>\n<td class=\"specTable-clm-4\">Aire o gases no corrosivos<\/td>\n<\/tr>\n<tr class=\"specTable-row\">\n<td class=\"specTable-clm-0\" colspan=\"4\">Tipo de presi\u00f3n<\/td>\n<td class=\"specTable-clm-4\">Medidor de presi\u00f3n<\/td>\n<\/tr>\n<tr class=\"specTable-row\">\n<td class=\"specTable-clm-0\" colspan=\"4\">Pantalla<\/td>\n<td class=\"specTable-clm-4\">3 1\/2 cifra, 2 colores, LED de 7 segmentos (altura de car\u00e1cter: 11 mm\u00a0<span class=\"prd-utility-color-inch\">0.43&#8243;<\/span>), Ciclo de presentaci\u00f3n: 5 veces\/s<\/td>\n<\/tr>\n<tr class=\"specTable-row\">\n<td class=\"specTable-clm-0\" colspan=\"4\">Resoluci\u00f3n de display<\/td>\n<td class=\"specTable-clm-4\">0.1 kPa (0.001 bar)<\/td>\n<\/tr>\n<tr class=\"specTable-row\">\n<td class=\"specTable-clm-0\" colspan=\"4\">Rango de presi\u00f3n detectable<\/td>\n<td class=\"specTable-clm-4\">-15 a +110 % de la escala total<\/td>\n<\/tr>\n<tr class=\"specTable-row\">\n<td class=\"specTable-clm-0\" colspan=\"4\">Tiempo de respuesta (funci\u00f3n de prevenci\u00f3n de parloteo)<\/td>\n<td class=\"specTable-clm-4\">2.5\/5\/100\/500 ms (seleccionable)<\/td>\n<\/tr>\n<tr class=\"specTable-row\">\n<td class=\"specTable-clm-0\" rowspan=\"2\">E\/S<\/td>\n<td class=\"specTable-clm-1\" colspan=\"3\">Salida anal\u00f3gica<\/td>\n<td class=\"specTable-clm-4\">1 a 5 V (impedancia de carga: 47 k\u2126 m\u00edn.)<\/td>\n<\/tr>\n<tr class=\"specTable-row\">\n<td class=\"specTable-clm-1\" colspan=\"3\">Salida de control<\/td>\n<td class=\"specTable-clm-4\">Colector abierto NPN 100 mA m\u00e1x. (40 V m\u00e1x.), voltaje residual: 1 V m\u00e1x. 2 salidas (N.A.\/N.C., seleccionable)<\/td>\n<\/tr>\n<tr class=\"specTable-row\">\n<td class=\"specTable-clm-0\" rowspan=\"2\">Valor nominal<\/td>\n<td class=\"specTable-clm-1\" colspan=\"3\">Voltaje de alimentaci\u00f3n<\/td>\n<td class=\"specTable-clm-4\">De 12 &#8211; 24 VCD \u00b110 % o menor, ondulaci\u00f3n (P-P) 10 % o menor<\/td>\n<\/tr>\n<tr class=\"specTable-row\">\n<td class=\"specTable-clm-1\" colspan=\"3\">Consumo de corriente<\/td>\n<td class=\"specTable-clm-4\">50 mA (a 24 VCD) o menos, 90 mA (a 12 VCD) o menos<\/td>\n<\/tr>\n<tr class=\"specTable-row\">\n<td class=\"specTable-clm-0\" rowspan=\"4\">Resistencia ambiental<\/td>\n<td class=\"specTable-clm-1\" colspan=\"3\">Resistencia de presi\u00f3n<\/td>\n<td class=\"specTable-clm-4\">500 kPa<\/td>\n<\/tr>\n<tr class=\"specTable-row\">\n<td class=\"specTable-clm-1\" colspan=\"3\">Temperatura ambiente<\/td>\n<td class=\"specTable-clm-4\">De 0 a +50 \u00b0C\u00a0<span class=\"prd-utility-color-inch\">32 a 122 \u00b0F<\/span>\u00a0(Sin congelaci\u00f3n)<\/td>\n<\/tr>\n<tr class=\"specTable-row\">\n<td class=\"specTable-clm-1\" colspan=\"3\">Humedad relativa<\/td>\n<td class=\"specTable-clm-4\">35 a 85 % HR (Sin condensaci\u00f3n)<\/td>\n<\/tr>\n<tr class=\"specTable-row\">\n<td class=\"specTable-clm-1\" colspan=\"3\">Resistencia a la vibraci\u00f3n<\/td>\n<td class=\"specTable-clm-4\">10 a 55 Hz, Amplitud doble 1.5 mm\u00a0<span class=\"prd-utility-color-inch\">0.06&#8243;<\/span>, 2 horas en cada una de las direcciones X, Y y Z<\/td>\n<\/tr>\n<tr class=\"specTable-row\">\n<td class=\"specTable-clm-0\" colspan=\"4\">Material<\/td>\n<td class=\"specTable-clm-4\">Bastidor delantero: Poliamida, L\u00e1mina del panel frontal: PET, Bastidor trasero: Polisulfona,<br \/>\nTerminal de presi\u00f3n: Cinc fundido, Cable: cable aislado con tubo de caucho a prueba de aceite.<\/td>\n<\/tr>\n<tr class=\"specTable-row\">\n<td class=\"specTable-clm-0\" colspan=\"4\">Peso<\/td>\n<td class=\"specTable-clm-4\">Aprox. 120 g<\/td>\n<\/tr>\n<\/tbody>\n<\/table>\n","protected":false},"excerpt":{"rendered":"<p>Modelo AP-32A Tipo Presi\u00f3n positiva , Anal\u00f3gica Presi\u00f3n nominal 0 a 100.0 kPa Fluidos detectables Aire o gases no corrosivos Tipo de presi\u00f3n Medidor de presi\u00f3n Pantalla 3 1\/2 cifra, 2 colores, LED de 7 segmentos (altura de car\u00e1cter: 11 mm\u00a00.43&#8243;), Ciclo de presentaci\u00f3n: 5 veces\/s Resoluci\u00f3n de display 0.1 kPa (0.001 bar) Rango de [&hellip;]<\/p>\n","protected":false},"featured_media":1546,"comment_status":"open","ping_status":"closed","template":"","meta":{"_monsterinsights_skip_tracking":false,"_monsterinsights_sitenote_active":true,"_monsterinsights_sitenote_note":"Published: Sensor de Presi\u00f3n Keyence AP-32A","_monsterinsights_sitenote_category":133},"product_brand":[],"product_cat":[111,17],"product_tag":[125,22],"class_list":{"0":"post-1545","1":"product","2":"type-product","3":"status-publish","4":"has-post-thumbnail","6":"product_cat-usado","7":"product_cat-repuestos-electronicos","8":"product_tag-presion","9":"product_tag-sensor","11":"first","12":"instock","13":"shipping-taxable","14":"purchasable","15":"product-type-simple"},"_links":{"self":[{"href":"https:\/\/seibeca.com\/index.php\/wp-json\/wp\/v2\/product\/1545","targetHints":{"allow":["GET"]}}],"collection":[{"href":"https:\/\/seibeca.com\/index.php\/wp-json\/wp\/v2\/product"}],"about":[{"href":"https:\/\/seibeca.com\/index.php\/wp-json\/wp\/v2\/types\/product"}],"replies":[{"embeddable":true,"href":"https:\/\/seibeca.com\/index.php\/wp-json\/wp\/v2\/comments?post=1545"}],"wp:featuredmedia":[{"embeddable":true,"href":"https:\/\/seibeca.com\/index.php\/wp-json\/wp\/v2\/media\/1546"}],"wp:attachment":[{"href":"https:\/\/seibeca.com\/index.php\/wp-json\/wp\/v2\/media?parent=1545"}],"wp:term":[{"taxonomy":"product_brand","embeddable":true,"href":"https:\/\/seibeca.com\/index.php\/wp-json\/wp\/v2\/product_brand?post=1545"},{"taxonomy":"product_cat","embeddable":true,"href":"https:\/\/seibeca.com\/index.php\/wp-json\/wp\/v2\/product_cat?post=1545"},{"taxonomy":"product_tag","embeddable":true,"href":"https:\/\/seibeca.com\/index.php\/wp-json\/wp\/v2\/product_tag?post=1545"}],"curies":[{"name":"wp","href":"https:\/\/api.w.org\/{rel}","templated":true}]}}