{"id":1548,"date":"2024-04-18T22:56:34","date_gmt":"2024-04-19T02:56:34","guid":{"rendered":"https:\/\/seibeca.com\/?post_type=product&#038;p=1548"},"modified":"2024-04-18T23:04:52","modified_gmt":"2024-04-19T03:04:52","slug":"sensor-keyence-lv-h6s","status":"publish","type":"product","link":"https:\/\/seibeca.com\/index.php\/producto\/sensor-keyence-lv-h6s\/","title":{"rendered":"Sensor Keyence LV H6S"},"content":{"rendered":"<table class=\"specTable-stibo-3282397\">\n<tbody>\n<tr class=\"specTable-row\">\n<td class=\"specTable-clm-0\" colspan=\"4\">Modelo<\/td>\n<td class=\"specTable-clm-4\">LV-H62<\/td>\n<\/tr>\n<tr class=\"specTable-row\">\n<td class=\"specTable-clm-0\" colspan=\"4\">Tipo<\/td>\n<td class=\"specTable-clm-4\">Haz de punto peque\u00f1o<\/td>\n<\/tr>\n<tr class=\"specTable-row\">\n<td class=\"specTable-clm-0\" colspan=\"4\">FDA (CDRH) Part 1040.10<\/td>\n<td class=\"specTable-clm-4\">Clase II<\/td>\n<\/tr>\n<tr class=\"specTable-row\">\n<td class=\"specTable-clm-0\" colspan=\"4\">Fuente de luz<\/td>\n<td class=\"specTable-clm-4\">L\u00e1ser semiconductor rojo visible<\/td>\n<\/tr>\n<tr class=\"specTable-row\">\n<td class=\"specTable-clm-0\" colspan=\"4\">Longitud de onda<\/td>\n<td class=\"specTable-clm-4\">660 nm<\/td>\n<\/tr>\n<tr class=\"specTable-row\">\n<td class=\"specTable-clm-0\" rowspan=\"3\">Distancia de detecci\u00f3n<\/td>\n<td class=\"specTable-clm-1\" colspan=\"3\">FINE<\/td>\n<td class=\"specTable-clm-4\">2 m\u00a0<span class=\"prd-utility-color-inch\">6.6&#8242;<\/span><\/td>\n<\/tr>\n<tr class=\"specTable-row\">\n<td class=\"specTable-clm-1\" colspan=\"3\">TURBO<\/td>\n<td class=\"specTable-clm-4\">5 m\u00a0<span class=\"prd-utility-color-inch\">16.4&#8242;<\/span><\/td>\n<\/tr>\n<tr class=\"specTable-row\">\n<td class=\"specTable-clm-1\" colspan=\"3\">SUPER<\/td>\n<td class=\"specTable-clm-4\">7 m\u00a0<span class=\"prd-utility-color-inch\">23.0&#8242;<\/span><\/td>\n<\/tr>\n<tr class=\"specTable-row\">\n<td class=\"specTable-clm-0\">Resistencia ambiental<\/td>\n<td class=\"specTable-clm-1\" colspan=\"3\">Temperatura ambiente<\/td>\n<td class=\"specTable-clm-4\">De -10 a +55 \u00b0C\u00a0<span class=\"prd-utility-color-inch\">14 a 131 \u00b0F<\/span>\u00a0(Sin congelaci\u00f3n)<\/td>\n<\/tr>\n<tr class=\"specTable-row\">\n<td class=\"specTable-clm-0\" rowspan=\"3\">Material<\/td>\n<td class=\"specTable-clm-1\" colspan=\"3\">Cuerpo<\/td>\n<td class=\"specTable-clm-4\">Pl\u00e1stico reforzado con fibra de vidrio<\/td>\n<\/tr>\n<tr class=\"specTable-row\">\n<td class=\"specTable-clm-1\" colspan=\"3\">Cubierta del lente<\/td>\n<td class=\"specTable-clm-4\">Pl\u00e1stico transparente<sup>*1<\/sup><\/td>\n<\/tr>\n<tr class=\"specTable-row\">\n<td class=\"specTable-clm-1\" colspan=\"3\">Espejo reflectante<\/td>\n<td class=\"specTable-clm-4\">Policarbonato, acr\u00edlico<\/td>\n<\/tr>\n<tr class=\"specTable-row\">\n<td class=\"specTable-clm-0\" colspan=\"4\">Peso<\/td>\n<td class=\"specTable-clm-4\">Aprox. 45 g<\/td>\n<\/tr>\n<\/tbody>\n<\/table>\n","protected":false},"excerpt":{"rendered":"<p>Modelo LV-H62 Tipo Haz de punto peque\u00f1o FDA (CDRH) Part 1040.10 Clase II Fuente de luz L\u00e1ser semiconductor rojo visible Longitud de onda 660 nm Distancia de detecci\u00f3n FINE 2 m\u00a06.6&#8242; TURBO 5 m\u00a016.4&#8242; SUPER 7 m\u00a023.0&#8242; Resistencia ambiental Temperatura ambiente De -10 a +55 \u00b0C\u00a014 a 131 \u00b0F\u00a0(Sin congelaci\u00f3n) Material Cuerpo Pl\u00e1stico reforzado con [&hellip;]<\/p>\n","protected":false},"featured_media":1549,"comment_status":"open","ping_status":"closed","template":"","meta":{"_monsterinsights_skip_tracking":false,"_monsterinsights_sitenote_active":true,"_monsterinsights_sitenote_note":"Published: Sensor Keyence LV H6S","_monsterinsights_sitenote_category":133},"product_brand":[],"product_cat":[111,17],"product_tag":[22],"class_list":{"0":"post-1548","1":"product","2":"type-product","3":"status-publish","4":"has-post-thumbnail","6":"product_cat-usado","7":"product_cat-repuestos-electronicos","8":"product_tag-sensor","10":"first","11":"instock","12":"shipping-taxable","13":"purchasable","14":"product-type-simple"},"_links":{"self":[{"href":"https:\/\/seibeca.com\/index.php\/wp-json\/wp\/v2\/product\/1548","targetHints":{"allow":["GET"]}}],"collection":[{"href":"https:\/\/seibeca.com\/index.php\/wp-json\/wp\/v2\/product"}],"about":[{"href":"https:\/\/seibeca.com\/index.php\/wp-json\/wp\/v2\/types\/product"}],"replies":[{"embeddable":true,"href":"https:\/\/seibeca.com\/index.php\/wp-json\/wp\/v2\/comments?post=1548"}],"wp:featuredmedia":[{"embeddable":true,"href":"https:\/\/seibeca.com\/index.php\/wp-json\/wp\/v2\/media\/1549"}],"wp:attachment":[{"href":"https:\/\/seibeca.com\/index.php\/wp-json\/wp\/v2\/media?parent=1548"}],"wp:term":[{"taxonomy":"product_brand","embeddable":true,"href":"https:\/\/seibeca.com\/index.php\/wp-json\/wp\/v2\/product_brand?post=1548"},{"taxonomy":"product_cat","embeddable":true,"href":"https:\/\/seibeca.com\/index.php\/wp-json\/wp\/v2\/product_cat?post=1548"},{"taxonomy":"product_tag","embeddable":true,"href":"https:\/\/seibeca.com\/index.php\/wp-json\/wp\/v2\/product_tag?post=1548"}],"curies":[{"name":"wp","href":"https:\/\/api.w.org\/{rel}","templated":true}]}}