{"id":1558,"date":"2024-04-23T17:47:00","date_gmt":"2024-04-23T21:47:00","guid":{"rendered":"https:\/\/seibeca.com\/?post_type=product&#038;p=1558"},"modified":"2025-04-05T00:07:28","modified_gmt":"2025-04-05T04:07:28","slug":"deletion-pen-fine-10pcs-box","status":"publish","type":"product","link":"https:\/\/seibeca.com\/index.php\/producto\/deletion-pen-fine-10pcs-box\/","title":{"rendered":"Deletion pen-fine"},"content":{"rendered":"<ul>\n<li>Pluma de eliminaci\u00f3n fina<\/li>\n<li>\n<pre id=\"tw-target-text\" class=\"tw-data-text tw-text-large tw-ta\" dir=\"ltr\" data-placeholder=\"Traducci\u00f3n\" aria-label=\"Texto traducido\" data-ved=\"2ahUKEwjx9bGIqNmFAxVLRDABHedFDfsQ3ewLegQIBRAU\"><span class=\"Y2IQFc\" lang=\"es\">Puede eliminar c\u00f3moda y r\u00e1pidamente la parte del texto de la superficie de la placa PS con gel de borrador<\/span><\/pre>\n<\/li>\n<\/ul>\n","protected":false},"excerpt":{"rendered":"<p>Pluma de eliminaci\u00f3n fina Puede eliminar c\u00f3moda y r\u00e1pidamente la parte del texto de la superficie de la placa PS con gel de borrador<\/p>\n","protected":false},"featured_media":1559,"comment_status":"open","ping_status":"closed","template":"","meta":{"_monsterinsights_skip_tracking":false,"_monsterinsights_sitenote_active":false,"_monsterinsights_sitenote_note":"","_monsterinsights_sitenote_category":0},"product_brand":[],"product_cat":[18],"product_tag":[],"class_list":{"0":"post-1558","1":"product","2":"type-product","3":"status-publish","4":"has-post-thumbnail","6":"product_cat-repuestos-graficos","8":"first","9":"instock","10":"shipping-taxable","11":"product-type-simple"},"_links":{"self":[{"href":"https:\/\/seibeca.com\/index.php\/wp-json\/wp\/v2\/product\/1558","targetHints":{"allow":["GET"]}}],"collection":[{"href":"https:\/\/seibeca.com\/index.php\/wp-json\/wp\/v2\/product"}],"about":[{"href":"https:\/\/seibeca.com\/index.php\/wp-json\/wp\/v2\/types\/product"}],"replies":[{"embeddable":true,"href":"https:\/\/seibeca.com\/index.php\/wp-json\/wp\/v2\/comments?post=1558"}],"wp:featuredmedia":[{"embeddable":true,"href":"https:\/\/seibeca.com\/index.php\/wp-json\/wp\/v2\/media\/1559"}],"wp:attachment":[{"href":"https:\/\/seibeca.com\/index.php\/wp-json\/wp\/v2\/media?parent=1558"}],"wp:term":[{"taxonomy":"product_brand","embeddable":true,"href":"https:\/\/seibeca.com\/index.php\/wp-json\/wp\/v2\/product_brand?post=1558"},{"taxonomy":"product_cat","embeddable":true,"href":"https:\/\/seibeca.com\/index.php\/wp-json\/wp\/v2\/product_cat?post=1558"},{"taxonomy":"product_tag","embeddable":true,"href":"https:\/\/seibeca.com\/index.php\/wp-json\/wp\/v2\/product_tag?post=1558"}],"curies":[{"name":"wp","href":"https:\/\/api.w.org\/{rel}","templated":true}]}}