{"id":1596,"date":"2024-04-30T02:46:37","date_gmt":"2024-04-30T06:46:37","guid":{"rendered":"https:\/\/seibeca.com\/?post_type=product&#038;p=1596"},"modified":"2024-04-30T02:55:51","modified_gmt":"2024-04-30T06:55:51","slug":"final-de-carrera-camsco-az8104","status":"publish","type":"product","link":"https:\/\/seibeca.com\/index.php\/producto\/final-de-carrera-camsco-az8104\/","title":{"rendered":"Final de Carrera Camsco AZ8104"},"content":{"rendered":"<p>El final de carrera es un componente que funciona para desconectar y conectar la corriente el\u00e9ctrica en un circuito, en funci\u00f3n de la estructura mec\u00e1nica del propio final de carrera. Las estructuras mec\u00e1nicas o com\u00fanmente llamados actuadores tienen diferentes formas y formas de trabajar seg\u00fan el tipo de final de carrera.<\/p>\n<p>El interruptor de l\u00edmite tipo Camco AZ8104 tiene un contacto NA y un contacto NC (5A; AC230V) con actuador de palanca de rodillo de longitud de brazo.<\/p>\n<p>Peso del art\u00edculo:300 gr.<\/p>\n","protected":false},"excerpt":{"rendered":"<p>El final de carrera es un componente que funciona para desconectar y conectar la corriente el\u00e9ctrica en un circuito, en funci\u00f3n de la estructura mec\u00e1nica del propio final de carrera. Las estructuras mec\u00e1nicas o com\u00fanmente llamados actuadores tienen diferentes formas y formas de trabajar seg\u00fan el tipo de final de carrera. El interruptor de l\u00edmite [&hellip;]<\/p>\n","protected":false},"featured_media":1598,"comment_status":"open","ping_status":"closed","template":"","meta":{"_monsterinsights_skip_tracking":false,"_monsterinsights_sitenote_active":false,"_monsterinsights_sitenote_note":"","_monsterinsights_sitenote_category":0},"product_brand":[],"product_cat":[17],"product_tag":[79],"class_list":{"0":"post-1596","1":"product","2":"type-product","3":"status-publish","4":"has-post-thumbnail","6":"product_cat-repuestos-electronicos","7":"product_tag-final-de-carrera","9":"first","10":"instock","11":"shipping-taxable","12":"purchasable","13":"product-type-simple"},"_links":{"self":[{"href":"https:\/\/seibeca.com\/index.php\/wp-json\/wp\/v2\/product\/1596","targetHints":{"allow":["GET"]}}],"collection":[{"href":"https:\/\/seibeca.com\/index.php\/wp-json\/wp\/v2\/product"}],"about":[{"href":"https:\/\/seibeca.com\/index.php\/wp-json\/wp\/v2\/types\/product"}],"replies":[{"embeddable":true,"href":"https:\/\/seibeca.com\/index.php\/wp-json\/wp\/v2\/comments?post=1596"}],"wp:featuredmedia":[{"embeddable":true,"href":"https:\/\/seibeca.com\/index.php\/wp-json\/wp\/v2\/media\/1598"}],"wp:attachment":[{"href":"https:\/\/seibeca.com\/index.php\/wp-json\/wp\/v2\/media?parent=1596"}],"wp:term":[{"taxonomy":"product_brand","embeddable":true,"href":"https:\/\/seibeca.com\/index.php\/wp-json\/wp\/v2\/product_brand?post=1596"},{"taxonomy":"product_cat","embeddable":true,"href":"https:\/\/seibeca.com\/index.php\/wp-json\/wp\/v2\/product_cat?post=1596"},{"taxonomy":"product_tag","embeddable":true,"href":"https:\/\/seibeca.com\/index.php\/wp-json\/wp\/v2\/product_tag?post=1596"}],"curies":[{"name":"wp","href":"https:\/\/api.w.org\/{rel}","templated":true}]}}