{"id":1604,"date":"2024-05-01T01:34:29","date_gmt":"2024-05-01T05:34:29","guid":{"rendered":"https:\/\/seibeca.com\/?post_type=product&#038;p=1604"},"modified":"2024-05-01T01:39:41","modified_gmt":"2024-05-01T05:39:41","slug":"rele-finder-41-52-8-024-0000","status":"publish","type":"product","link":"https:\/\/seibeca.com\/index.php\/producto\/rele-finder-41-52-8-024-0000\/","title":{"rendered":"Rel\u00e9 Finder 41.52.8.024.0000"},"content":{"rendered":"<p>REL\u00c9 DE MEDIA-ALTA POTENCIA 2U\/8A &#8211; Rel\u00e9 de conmutaci\u00f3n AC 24V 8A 41.52.8.024.0000 \u2013 Finder \u2013 8012823117508: Con bornes desmontables no, Intensidad nominal 8 A, Tipo de tensi\u00f3n para el accionamiento CA, Accionamiento, polaridad no polarizado, Comportamiento de conmutaci\u00f3n del accionamiento monoestable, Cantidad de contactos como contactos inversores 2, Con contactos de gu\u00eda forzada no, Tipo de contacto de conmutaci\u00f3n Contacto simple, Dispositivo completo con z\u00f3calo no, Con indicador LED no, Material del recubrimiento de contacto sin tratar, Material del inserto de contacto Termopl\u00e1stico, Material del contacto otros, Grado de protecci\u00f3n (IP) IP40, Anchura 12,6 mm, Altura 15,7 mm, Profundidad 29 mm<\/p>\n<p>&nbsp;<\/p>\n<table class=\"individual_description_table\">\n<tbody>\n<tr>\n<td><span data-mce-mark=\"1\"><strong>Con bornes desmontables<\/strong><\/span><\/td>\n<td><span data-mce-mark=\"1\">no<\/span><\/td>\n<\/tr>\n<tr>\n<td><span data-mce-mark=\"1\"><strong>Intensidad nominal<\/strong><\/span><\/td>\n<td><span data-mce-mark=\"1\">8 A<\/span><\/td>\n<\/tr>\n<tr>\n<td><span data-mce-mark=\"1\"><strong>Tipo de tensi\u00f3n para el accionamiento<\/strong><\/span><\/td>\n<td><span data-mce-mark=\"1\">CA<\/span><\/td>\n<\/tr>\n<tr>\n<td><span data-mce-mark=\"1\"><strong>Accionamiento, polaridad<\/strong><\/span><\/td>\n<td><span data-mce-mark=\"1\">no polarizado<\/span><\/td>\n<\/tr>\n<tr>\n<td><span data-mce-mark=\"1\"><strong>Comportamiento de conmutaci\u00f3n del accionamiento<\/strong><\/span><\/td>\n<td><span data-mce-mark=\"1\">monoestable<\/span><\/td>\n<\/tr>\n<tr>\n<td><span data-mce-mark=\"1\"><strong>Cantidad de contactos como contactos inversores<\/strong><\/span><\/td>\n<td><span data-mce-mark=\"1\">2<\/span><\/td>\n<\/tr>\n<tr>\n<td><span data-mce-mark=\"1\"><strong>Con contactos de gu\u00eda forzada<\/strong><\/span><\/td>\n<td><span data-mce-mark=\"1\">no<\/span><\/td>\n<\/tr>\n<tr>\n<td><span data-mce-mark=\"1\"><strong>Tipo de contacto de conmutaci\u00f3n<\/strong><\/span><\/td>\n<td><span data-mce-mark=\"1\">Contacto simple<\/span><\/td>\n<\/tr>\n<tr>\n<td><span data-mce-mark=\"1\"><strong>Dispositivo completo con z\u00f3calo<\/strong><\/span><\/td>\n<td><span data-mce-mark=\"1\">no<\/span><\/td>\n<\/tr>\n<tr>\n<td><span data-mce-mark=\"1\"><strong>Con indicador LED<\/strong><\/span><\/td>\n<td><span data-mce-mark=\"1\">no<\/span><\/td>\n<\/tr>\n<tr>\n<td><span data-mce-mark=\"1\"><strong>Material del recubrimiento de contacto<\/strong><\/span><\/td>\n<td><span data-mce-mark=\"1\">sin tratar<\/span><\/td>\n<\/tr>\n<tr>\n<td><span data-mce-mark=\"1\"><strong>Material del inserto de contacto<\/strong><\/span><\/td>\n<td><span data-mce-mark=\"1\">Termopl\u00e1stico<\/span><\/td>\n<\/tr>\n<tr>\n<td><span data-mce-mark=\"1\"><strong>Material del contacto<\/strong><\/span><\/td>\n<td><span data-mce-mark=\"1\">otros<\/span><\/td>\n<\/tr>\n<tr>\n<td><span data-mce-mark=\"1\"><strong>Grado de protecci\u00f3n (IP)<\/strong><\/span><\/td>\n<td><span data-mce-mark=\"1\">IP40<\/span><\/td>\n<\/tr>\n<tr>\n<td><span data-mce-mark=\"1\"><strong>Anchura<\/strong><\/span><\/td>\n<td><span data-mce-mark=\"1\">12,6 mm<\/span><\/td>\n<\/tr>\n<tr>\n<td><span data-mce-mark=\"1\"><strong>Altura<\/strong><\/span><\/td>\n<td><span data-mce-mark=\"1\">15,7 mm<\/span><\/td>\n<\/tr>\n<tr>\n<td><span data-mce-mark=\"1\"><strong>Profundidad<\/strong><\/span><\/td>\n<td><span data-mce-mark=\"1\">29 mm<\/span><\/td>\n<\/tr>\n<\/tbody>\n<\/table>\n","protected":false},"excerpt":{"rendered":"<p>REL\u00c9 DE MEDIA-ALTA POTENCIA 2U\/8A &#8211; Rel\u00e9 de conmutaci\u00f3n AC 24V 8A 41.52.8.024.0000 \u2013 Finder \u2013 8012823117508: Con bornes desmontables no, Intensidad nominal 8 A, Tipo de tensi\u00f3n para el accionamiento CA, Accionamiento, polaridad no polarizado, Comportamiento de conmutaci\u00f3n del accionamiento monoestable, Cantidad de contactos como contactos inversores 2, Con contactos de gu\u00eda forzada no, [&hellip;]<\/p>\n","protected":false},"featured_media":1605,"comment_status":"open","ping_status":"closed","template":"","meta":{"_monsterinsights_skip_tracking":false,"_monsterinsights_sitenote_active":false,"_monsterinsights_sitenote_note":"","_monsterinsights_sitenote_category":0},"product_brand":[],"product_cat":[17],"product_tag":[],"class_list":{"0":"post-1604","1":"product","2":"type-product","3":"status-publish","4":"has-post-thumbnail","6":"product_cat-repuestos-electronicos","8":"first","9":"instock","10":"shipping-taxable","11":"purchasable","12":"product-type-simple"},"_links":{"self":[{"href":"https:\/\/seibeca.com\/index.php\/wp-json\/wp\/v2\/product\/1604","targetHints":{"allow":["GET"]}}],"collection":[{"href":"https:\/\/seibeca.com\/index.php\/wp-json\/wp\/v2\/product"}],"about":[{"href":"https:\/\/seibeca.com\/index.php\/wp-json\/wp\/v2\/types\/product"}],"replies":[{"embeddable":true,"href":"https:\/\/seibeca.com\/index.php\/wp-json\/wp\/v2\/comments?post=1604"}],"wp:featuredmedia":[{"embeddable":true,"href":"https:\/\/seibeca.com\/index.php\/wp-json\/wp\/v2\/media\/1605"}],"wp:attachment":[{"href":"https:\/\/seibeca.com\/index.php\/wp-json\/wp\/v2\/media?parent=1604"}],"wp:term":[{"taxonomy":"product_brand","embeddable":true,"href":"https:\/\/seibeca.com\/index.php\/wp-json\/wp\/v2\/product_brand?post=1604"},{"taxonomy":"product_cat","embeddable":true,"href":"https:\/\/seibeca.com\/index.php\/wp-json\/wp\/v2\/product_cat?post=1604"},{"taxonomy":"product_tag","embeddable":true,"href":"https:\/\/seibeca.com\/index.php\/wp-json\/wp\/v2\/product_tag?post=1604"}],"curies":[{"name":"wp","href":"https:\/\/api.w.org\/{rel}","templated":true}]}}