{"id":1685,"date":"2025-07-26T18:13:37","date_gmt":"2025-07-26T22:13:37","guid":{"rendered":"https:\/\/seibeca.com\/?post_type=product&#038;p=1685"},"modified":"2025-07-26T18:50:36","modified_gmt":"2025-07-26T22:50:36","slug":"separador-de-pliego-recto-h8408","status":"publish","type":"product","link":"https:\/\/seibeca.com\/index.php\/producto\/separador-de-pliego-recto-h8408\/","title":{"rendered":"Separador de Pliego Recto H8408"},"content":{"rendered":"<h2>Caracter\u00edsticas<\/h2>\n<table id=\"product-attribute-specs-table\" class=\"data-table\">\n<colgroup>\n<col width=\"25%\" \/>\n<col \/><\/colgroup>\n<thead>\n<tr class=\"first last\">\n<th>Tipo<\/th>\n<th>Informaci\u00f3n<\/th>\n<\/tr>\n<\/thead>\n<tbody>\n<tr class=\"first odd\">\n<th class=\"title\">C\u00f3digo de proveedor<\/th>\n<td class=\"data last\">H8408<\/td>\n<\/tr>\n<tr class=\"even\">\n<th class=\"title\">N\u00famero de parte<\/th>\n<td class=\"data last\"><\/td>\n<\/tr>\n<tr class=\"odd\">\n<th class=\"title\">Antiguo n\u00famero de parte<\/th>\n<td class=\"data last\"><\/td>\n<\/tr>\n<tr class=\"last even\">\n<th class=\"title\">Unidad<\/th>\n<td class=\"data last\">\u00a0PZA<\/td>\n<\/tr>\n<\/tbody>\n<\/table>\n","protected":false},"excerpt":{"rendered":"<p>Caracter\u00edsticas Tipo Informaci\u00f3n C\u00f3digo de proveedor H8408 N\u00famero de parte Antiguo n\u00famero de parte Unidad \u00a0PZA<\/p>\n","protected":false},"featured_media":1686,"comment_status":"open","ping_status":"closed","template":"","meta":{"_monsterinsights_skip_tracking":false,"_monsterinsights_sitenote_active":false,"_monsterinsights_sitenote_note":"","_monsterinsights_sitenote_category":0},"product_brand":[],"product_cat":[30,18],"product_tag":[],"class_list":{"0":"post-1685","1":"product","2":"type-product","3":"status-publish","4":"has-post-thumbnail","6":"product_cat-heidelberg","7":"product_cat-repuestos-graficos","9":"first","10":"instock","11":"shipping-taxable","12":"purchasable","13":"product-type-simple"},"_links":{"self":[{"href":"https:\/\/seibeca.com\/index.php\/wp-json\/wp\/v2\/product\/1685","targetHints":{"allow":["GET"]}}],"collection":[{"href":"https:\/\/seibeca.com\/index.php\/wp-json\/wp\/v2\/product"}],"about":[{"href":"https:\/\/seibeca.com\/index.php\/wp-json\/wp\/v2\/types\/product"}],"replies":[{"embeddable":true,"href":"https:\/\/seibeca.com\/index.php\/wp-json\/wp\/v2\/comments?post=1685"}],"wp:featuredmedia":[{"embeddable":true,"href":"https:\/\/seibeca.com\/index.php\/wp-json\/wp\/v2\/media\/1686"}],"wp:attachment":[{"href":"https:\/\/seibeca.com\/index.php\/wp-json\/wp\/v2\/media?parent=1685"}],"wp:term":[{"taxonomy":"product_brand","embeddable":true,"href":"https:\/\/seibeca.com\/index.php\/wp-json\/wp\/v2\/product_brand?post=1685"},{"taxonomy":"product_cat","embeddable":true,"href":"https:\/\/seibeca.com\/index.php\/wp-json\/wp\/v2\/product_cat?post=1685"},{"taxonomy":"product_tag","embeddable":true,"href":"https:\/\/seibeca.com\/index.php\/wp-json\/wp\/v2\/product_tag?post=1685"}],"curies":[{"name":"wp","href":"https:\/\/api.w.org\/{rel}","templated":true}]}}