{"id":636,"date":"2017-08-01T17:34:06","date_gmt":"2017-08-01T21:34:06","guid":{"rendered":"https:\/\/www.seibeca.com\/index.php\/producto\/rele\/"},"modified":"2017-09-05T20:13:15","modified_gmt":"2017-09-06T00:13:15","slug":"final-de-carrera","status":"publish","type":"product","link":"https:\/\/seibeca.com\/index.php\/producto\/final-de-carrera\/","title":{"rendered":"Final de Carrera schneider-electric XCKP2102G11"},"content":{"rendered":"<ul class=\"ui-tabs-nav ui-helper-reset ui-helper-clearfix ui-widget-header ui-corner-all\" role=\"tablist\">\n<li class=\"ui-state-default ui-corner-top ui-tabs-active ui-state-active\" tabindex=\"0\" role=\"tab\" aria-controls=\"spec\" aria-labelledby=\"ui-id-3\" aria-selected=\"true\" aria-expanded=\"true\"><a id=\"ui-id-3\" class=\"ui-tabs-anchor\" tabindex=\"-1\" role=\"presentation\" href=\"http:\/\/www.mouser.mx\/ProductDetail\/Telemecanique\/XCKP2102G11\/?qs=4R4UwjOJpC3FPnDSKqkc0Q==#spec\"><span id=\"ctl00_ContentMain_lblspec\" class=\"\"><strong>Especificaciones<\/strong><\/span><\/a><\/li>\n<\/ul>\n<div id=\"spec\" class=\"ui-tabs-panel ui-widget-content ui-corner-bottom\" role=\"tabpanel\" aria-labelledby=\"ui-id-3\" aria-hidden=\"false\">\n<table class=\"specs\">\n<tbody>\n<tr class=\"odd\">\n<td class=\"leftcol\"><span id=\"ctl00_ContentMain_Specifications_dlspec_ctl01_lblDimension\">Categor\u00eda de producto<\/span>:<\/td>\n<td class=\"ProductDetailData\" style=\"text-align: center;\"><span id=\"ctl00_ContentMain_Specifications_dlspec_ctl01_lblName\">Interruptores de fin de carrera<\/span><\/td>\n<td class=\"find-similar\"><input id=\"ctl00_ContentMain_Specifications_dlspec_ctl01_17974485\" checked=\"checked\" name=\"ctl00$ContentMain$Specifications$dlspec$ctl01$17974485\" type=\"checkbox\" \/><\/td>\n<\/tr>\n<tr class=\"even\">\n<td class=\"leftcol\"><span id=\"ctl00_ContentMain_Specifications_dlspec_ctl02_lblDimension\">Fabricante<\/span>:<\/td>\n<td class=\"ProductDetailData\" style=\"text-align: center;\"><span id=\"ctl00_ContentMain_Specifications_dlspec_ctl02_lblName\">Schneider Electric<\/span><\/td>\n<td class=\"find-similar\"><input id=\"ctl00_ContentMain_Specifications_dlspec_ctl02_4290493392\" name=\"ctl00$ContentMain$Specifications$dlspec$ctl02$4290493392\" type=\"checkbox\" \/><\/td>\n<\/tr>\n<tr class=\"odd\">\n<td class=\"leftcol\"><span id=\"ctl00_ContentMain_Specifications_dlspec_ctl03_lblDimension\">Forma de contacto<\/span>:<\/td>\n<td class=\"ProductDetailData\" style=\"text-align: center;\"><span id=\"ctl00_ContentMain_Specifications_dlspec_ctl03_lblName\">SPDT<\/span><\/td>\n<td class=\"find-similar\"><input id=\"ctl00_ContentMain_Specifications_dlspec_ctl03_4294735258\" name=\"ctl00$ContentMain$Specifications$dlspec$ctl03$4294735258\" type=\"checkbox\" \/><\/td>\n<\/tr>\n<tr class=\"even\">\n<td class=\"leftcol\"><span id=\"ctl00_ContentMain_Specifications_dlspec_ctl04_lblDimension\">Actuador<\/span>:<\/td>\n<td class=\"ProductDetailData\" style=\"text-align: center;\"><span id=\"ctl00_ContentMain_Specifications_dlspec_ctl04_lblName\">Roller Plunger<\/span><\/td>\n<td class=\"find-similar\"><input id=\"ctl00_ContentMain_Specifications_dlspec_ctl04_4294733293\" name=\"ctl00$ContentMain$Specifications$dlspec$ctl04$4294733293\" type=\"checkbox\" \/><\/td>\n<\/tr>\n<tr class=\"odd\">\n<td class=\"leftcol\"><span id=\"ctl00_ContentMain_Specifications_dlspec_ctl05_lblDimension\">R\u00e9gimen de corriente<\/span>:<\/td>\n<td class=\"ProductDetailData\" style=\"text-align: center;\"><span id=\"ctl00_ContentMain_Specifications_dlspec_ctl05_lblName\">10 A<\/span><\/td>\n<td class=\"find-similar\"><input id=\"ctl00_ContentMain_Specifications_dlspec_ctl05_4294649083\" name=\"ctl00$ContentMain$Specifications$dlspec$ctl05$4294649083\" type=\"checkbox\" \/><\/td>\n<\/tr>\n<tr class=\"even\">\n<td class=\"leftcol\"><span id=\"ctl00_ContentMain_Specifications_dlspec_ctl06_lblDimension\">R\u00e9gimen de voltaje de CA<\/span>:<\/td>\n<td class=\"ProductDetailData\" style=\"text-align: center;\"><span id=\"ctl00_ContentMain_Specifications_dlspec_ctl06_lblName\">240 VAC<\/span><\/td>\n<td class=\"find-similar\"><input id=\"ctl00_ContentMain_Specifications_dlspec_ctl06_4291011328\" name=\"ctl00$ContentMain$Specifications$dlspec$ctl06$4291011328\" type=\"checkbox\" \/><\/td>\n<\/tr>\n<tr class=\"odd\">\n<td class=\"leftcol\"><span id=\"ctl00_ContentMain_Specifications_dlspec_ctl07_lblDimension\">R\u00e9gimen de voltaje de CC<\/span>:<\/td>\n<td class=\"ProductDetailData\" style=\"text-align: center;\"><span id=\"ctl00_ContentMain_Specifications_dlspec_ctl07_lblName\">250 VDC<\/span><\/td>\n<td class=\"find-similar\"><input id=\"ctl00_ContentMain_Specifications_dlspec_ctl07_4292737771\" name=\"ctl00$ContentMain$Specifications$dlspec$ctl07$4292737771\" type=\"checkbox\" \/><\/td>\n<\/tr>\n<tr class=\"even\">\n<td class=\"leftcol\"><span id=\"ctl00_ContentMain_Specifications_dlspec_ctl08_lblDimension\">Fuerza de operaci\u00f3n<\/span>:<\/td>\n<td class=\"ProductDetailData\" style=\"text-align: center;\"><span id=\"ctl00_ContentMain_Specifications_dlspec_ctl08_lblName\">12 N<\/span><\/td>\n<td class=\"find-similar\"><input id=\"ctl00_ContentMain_Specifications_dlspec_ctl08_4294023561\" name=\"ctl00$ContentMain$Specifications$dlspec$ctl08$4294023561\" type=\"checkbox\" \/><\/td>\n<\/tr>\n<tr class=\"odd\">\n<td class=\"leftcol\"><span id=\"ctl00_ContentMain_Specifications_dlspec_ctl09_lblDimension\">R\u00e9gimen NEMA<\/span>:<\/td>\n<td class=\"ProductDetailData\" style=\"text-align: center;\"><span id=\"ctl00_ContentMain_Specifications_dlspec_ctl09_lblName\">1, 2, 4, 6, 12, 13<\/span><\/td>\n<td class=\"find-similar\"><input id=\"ctl00_ContentMain_Specifications_dlspec_ctl09_4289797834\" name=\"ctl00$ContentMain$Specifications$dlspec$ctl09$4289797834\" type=\"checkbox\" \/><\/td>\n<\/tr>\n<tr class=\"even\">\n<td class=\"leftcol\"><span id=\"ctl00_ContentMain_Specifications_dlspec_ctl10_lblDimension\">Estilo de terminaci\u00f3n<\/span>:<\/td>\n<td class=\"ProductDetailData\" style=\"text-align: center;\"><span id=\"ctl00_ContentMain_Specifications_dlspec_ctl10_lblName\">Conduit<\/span><\/td>\n<td class=\"find-similar\"><input id=\"ctl00_ContentMain_Specifications_dlspec_ctl10_4292837879\" name=\"ctl00$ContentMain$Specifications$dlspec$ctl10$4292837879\" type=\"checkbox\" \/><\/td>\n<\/tr>\n<tr class=\"odd\">\n<td class=\"leftcol\"><span id=\"ctl00_ContentMain_Specifications_dlspec_ctl11_lblDimension\">Montaje<\/span>:<\/td>\n<td class=\"ProductDetailData\" style=\"text-align: center;\"><span id=\"ctl00_ContentMain_Specifications_dlspec_ctl11_lblName\">Cable<\/span><\/td>\n<td class=\"find-similar\"><input id=\"ctl00_ContentMain_Specifications_dlspec_ctl11_4292740422\" name=\"ctl00$ContentMain$Specifications$dlspec$ctl11$4292740422\" type=\"checkbox\" \/><\/td>\n<\/tr>\n<tr class=\"even\">\n<td class=\"leftcol\"><span id=\"ctl00_ContentMain_Specifications_dlspec_ctl12_lblDimension\">Clasificaci\u00f3n IP<\/span>:<\/td>\n<td class=\"ProductDetailData\" style=\"text-align: center;\"><span id=\"ctl00_ContentMain_Specifications_dlspec_ctl12_lblName\">IP66, IP67<\/span><\/td>\n<td class=\"find-similar\"><input id=\"ctl00_ContentMain_Specifications_dlspec_ctl12_4272917850\" name=\"ctl00$ContentMain$Specifications$dlspec$ctl12$4272917850\" type=\"checkbox\" \/><\/td>\n<\/tr>\n<tr class=\"odd\">\n<td class=\"leftcol\"><span id=\"ctl00_ContentMain_Specifications_dlspec_ctl13_lblDimension\">Empaquetado<\/span>:<\/td>\n<td class=\"ProductDetailData\" style=\"text-align: center;\"><span id=\"ctl00_ContentMain_Specifications_dlspec_ctl13_lblName\">Bulk<\/span><\/td>\n<td class=\"find-similar\"><input id=\"ctl00_ContentMain_Specifications_dlspec_ctl13_4294966193\" name=\"ctl00$ContentMain$Specifications$dlspec$ctl13$4294966193\" type=\"checkbox\" \/><\/td>\n<\/tr>\n<tr class=\"even\">\n<td class=\"leftcol\"><span id=\"ctl00_ContentMain_Specifications_dlspec_ctl14_lblDimension\">Marca<\/span>:<\/td>\n<td class=\"ProductDetailData\" style=\"text-align: center;\"><span id=\"ctl00_ContentMain_Specifications_dlspec_ctl14_lblName\">Telemecanique<\/span><\/td>\n<td class=\"find-similar\"><\/td>\n<\/tr>\n<tr class=\"odd\">\n<td class=\"leftcol\"><span id=\"ctl00_ContentMain_Specifications_dlspec_ctl15_lblDimension\">Rango de temperatura de trabajo<\/span>:<\/td>\n<td class=\"ProductDetailData\" style=\"text-align: center;\"><span id=\"ctl00_ContentMain_Specifications_dlspec_ctl15_lblName\">&#8211; 25 C to + 70 C<\/span><\/td>\n<\/tr>\n<\/tbody>\n<\/table>\n<\/div>\n","protected":false},"excerpt":{"rendered":"<p>Especificaciones Categor\u00eda de producto: Interruptores de fin de carrera Fabricante: Schneider Electric Forma de contacto: SPDT Actuador: Roller Plunger R\u00e9gimen de corriente: 10 A R\u00e9gimen de voltaje de CA: 240 VAC R\u00e9gimen de voltaje de CC: 250 VDC Fuerza de operaci\u00f3n: 12 N R\u00e9gimen NEMA: 1, 2, 4, 6, 12, 13 Estilo de terminaci\u00f3n: Conduit [&hellip;]<\/p>\n","protected":false},"featured_media":995,"comment_status":"open","ping_status":"closed","template":"","meta":{"_monsterinsights_skip_tracking":false,"_monsterinsights_sitenote_active":false,"_monsterinsights_sitenote_note":"","_monsterinsights_sitenote_category":0},"product_brand":[],"product_cat":[17],"product_tag":[79,78],"class_list":{"0":"post-636","1":"product","2":"type-product","3":"status-publish","4":"has-post-thumbnail","6":"product_cat-repuestos-electronicos","7":"product_tag-final-de-carrera","8":"product_tag-microswitch","10":"first","11":"instock","12":"shipping-taxable","13":"purchasable","14":"product-type-simple"},"_links":{"self":[{"href":"https:\/\/seibeca.com\/index.php\/wp-json\/wp\/v2\/product\/636","targetHints":{"allow":["GET"]}}],"collection":[{"href":"https:\/\/seibeca.com\/index.php\/wp-json\/wp\/v2\/product"}],"about":[{"href":"https:\/\/seibeca.com\/index.php\/wp-json\/wp\/v2\/types\/product"}],"replies":[{"embeddable":true,"href":"https:\/\/seibeca.com\/index.php\/wp-json\/wp\/v2\/comments?post=636"}],"wp:featuredmedia":[{"embeddable":true,"href":"https:\/\/seibeca.com\/index.php\/wp-json\/wp\/v2\/media\/995"}],"wp:attachment":[{"href":"https:\/\/seibeca.com\/index.php\/wp-json\/wp\/v2\/media?parent=636"}],"wp:term":[{"taxonomy":"product_brand","embeddable":true,"href":"https:\/\/seibeca.com\/index.php\/wp-json\/wp\/v2\/product_brand?post=636"},{"taxonomy":"product_cat","embeddable":true,"href":"https:\/\/seibeca.com\/index.php\/wp-json\/wp\/v2\/product_cat?post=636"},{"taxonomy":"product_tag","embeddable":true,"href":"https:\/\/seibeca.com\/index.php\/wp-json\/wp\/v2\/product_tag?post=636"}],"curies":[{"name":"wp","href":"https:\/\/api.w.org\/{rel}","templated":true}]}}