{"id":733,"date":"2017-08-01T19:14:24","date_gmt":"2017-08-01T23:14:24","guid":{"rendered":"https:\/\/www.seibeca.com\/index.php\/producto\/import-placeholder-for-640\/"},"modified":"2024-08-30T21:46:25","modified_gmt":"2024-08-31T01:46:25","slug":"rele-24","status":"publish","type":"product","link":"https:\/\/seibeca.com\/index.php\/producto\/rele-24\/","title":{"rendered":"Rele RUMC2AB1BD"},"content":{"rendered":"<hr \/>\n<table class=\"specifications-table\">\n<tbody>\n<tr class=\"specifications-table__row\">\n<th class=\"specifications-table__row-heading\">Gama de producto<\/th>\n<td class=\"specifications-table__cell\"><span class=\"specifications-table__text specifications-table__text--first-letter-uppercase\">Harmony Remote Pocket<\/span><\/td>\n<\/tr>\n<tr class=\"specifications-table__row\">\n<th class=\"specifications-table__row-heading\">nombre de serie<\/th>\n<td class=\"specifications-table__cell\"><span class=\"specifications-table__text specifications-table__text--first-letter-uppercase\">Universal<\/span><\/td>\n<\/tr>\n<tr class=\"specifications-table__row\">\n<th class=\"specifications-table__row-heading\">Tipo de Producto o Componente<\/th>\n<td class=\"specifications-table__cell\"><span class=\"specifications-table__text specifications-table__text--first-letter-uppercase\">Reles con montaje plug-in<\/span><\/td>\n<\/tr>\n<tr class=\"specifications-table__row\">\n<th class=\"specifications-table__row-heading\">Nombre Corto del Dispositivo<\/th>\n<td class=\"specifications-table__cell\"><span class=\"specifications-table__text\">RUM<\/span><\/td>\n<\/tr>\n<tr class=\"specifications-table__row\">\n<th class=\"specifications-table__row-heading\">Tipo y composici\u00f3n de contactos<\/th>\n<td class=\"specifications-table__cell\"><span class=\"specifications-table__text specifications-table__text--first-letter-uppercase\">2 C\/O<\/span><\/td>\n<\/tr>\n<tr class=\"specifications-table__row\">\n<th class=\"specifications-table__row-heading\">[Uc] tensi\u00f3n del circuito de control<\/th>\n<td class=\"specifications-table__cell\"><span class=\"specifications-table__text specifications-table__text--first-letter-uppercase\">24 V DC<\/span><\/td>\n<\/tr>\n<tr class=\"specifications-table__row\">\n<th class=\"specifications-table__row-heading\">corriente t\u00e9rmica nominal<\/th>\n<td class=\"specifications-table__cell\"><span class=\"specifications-table__text specifications-table__text--first-letter-uppercase\">10 A en -40\u202655 \u00b0C<\/span><\/td>\n<\/tr>\n<tr class=\"specifications-table__row\">\n<th class=\"specifications-table__row-heading\">LED de estado<\/th>\n<td class=\"specifications-table__cell\"><span class=\"specifications-table__text specifications-table__text--first-letter-uppercase\">Sin<\/span><\/td>\n<\/tr>\n<tr class=\"specifications-table__row\">\n<th class=\"specifications-table__row-heading\">Tipo de Control<\/th>\n<td class=\"specifications-table__cell\"><span class=\"specifications-table__text specifications-table__text--first-letter-uppercase\">Lockable test button ((*))<\/span><\/td>\n<\/tr>\n<tr class=\"specifications-table__row\">\n<th class=\"specifications-table__row-heading\">coeficiente de utilizaci\u00f3n<\/th>\n<td class=\"specifications-table__cell\"><span class=\"specifications-table__text specifications-table__text--first-letter-uppercase\">20 %<\/span><\/td>\n<\/tr>\n<\/tbody>\n<\/table>\n<table class=\"specifications-table\">\n<caption class=\"specifications-table__caption\">Complementario<\/caption>\n<tbody>\n<tr class=\"specifications-table__row\">\n<th class=\"specifications-table__row-heading\">forma del pin<\/th>\n<td class=\"specifications-table__cell\"><span class=\"specifications-table__text specifications-table__text--first-letter-uppercase\">Cil\u00edndrico<\/span><\/td>\n<\/tr>\n<tr class=\"specifications-table__row\">\n<th class=\"specifications-table__row-heading\">[Ui] tensi\u00f3n asignada de aislamiento<\/th>\n<td class=\"specifications-table__cell\"><span class=\"specifications-table__text specifications-table__text--first-letter-uppercase\">250 V acorde aIEC<br \/>\n300 V acorde aCSA<br \/>\n300 V acorde aUL<\/span><\/td>\n<\/tr>\n<tr class=\"specifications-table__row\">\n<th class=\"specifications-table__row-heading\">[Uimp] Tensi\u00f3n asignada de resistencia a los choques<\/th>\n<td class=\"specifications-table__cell\"><span class=\"specifications-table__text specifications-table__text--first-letter-uppercase\">4 kV<\/span><\/td>\n<\/tr>\n<tr class=\"specifications-table__row\">\n<th class=\"specifications-table__row-heading\">Material de contactos<\/th>\n<td class=\"specifications-table__cell\"><span class=\"specifications-table__text specifications-table__text--first-letter-uppercase\">AgNi<\/span><\/td>\n<\/tr>\n<tr class=\"specifications-table__row\">\n<th class=\"specifications-table__row-heading\">[Ie] corriente asignada de empleo<\/th>\n<td class=\"specifications-table__cell\"><span class=\"specifications-table__text specifications-table__text--first-letter-uppercase\">10 A AC-1\/DC-1 &#8211; tipo de cable: No) acorde a IEC<br \/>\n12 A en 28 V DC-1 acorde a UL<br \/>\n16 A en 277 V AC-1 acorde a UL<br \/>\n5 A AC-1\/DC-1 &#8211; tipo de cable: NC) acorde a IEC<\/span><\/td>\n<\/tr>\n<tr class=\"specifications-table__row\">\n<th class=\"specifications-table__row-heading\">corriente m\u00ednima de conmutaci\u00f3n<\/th>\n<td class=\"specifications-table__cell\"><span class=\"specifications-table__text specifications-table__text--first-letter-uppercase\">10 mA<\/span><\/td>\n<\/tr>\n<tr class=\"specifications-table__row\">\n<th class=\"specifications-table__row-heading\">tensi\u00f3n m\u00e1xima de conmutaci\u00f3n<\/th>\n<td class=\"specifications-table__cell\"><span class=\"specifications-table__text specifications-table__text--first-letter-uppercase\">250 V CA acorde a IEC<br \/>\n250 V DC acorde a IEC<\/span><\/td>\n<\/tr>\n<tr class=\"specifications-table__row\">\n<th class=\"specifications-table__row-heading\">tensi\u00f3n m\u00ednima de conmutaci\u00f3n<\/th>\n<td class=\"specifications-table__cell\"><span class=\"specifications-table__text specifications-table__text--first-letter-uppercase\">17 V<\/span><\/td>\n<\/tr>\n<tr class=\"specifications-table__row\">\n<th class=\"specifications-table__row-heading\">carga nominal resistiva<\/th>\n<td class=\"specifications-table__cell\"><span class=\"specifications-table__text specifications-table__text--first-letter-uppercase\">10 A en 250 V CA<br \/>\n10 A en 28 V DC<\/span><\/td>\n<\/tr>\n<tr class=\"specifications-table__row\">\n<th class=\"specifications-table__row-heading\">capacidad de conmutaci\u00f3n m\u00e1xima<\/th>\n<td class=\"specifications-table__cell\"><span class=\"specifications-table__text specifications-table__text--first-letter-uppercase\">2500 VA CA<br \/>\n280 W DC<\/span><\/td>\n<\/tr>\n<tr class=\"specifications-table__row\">\n<th class=\"specifications-table__row-heading\">capacidad m\u00ednima de conmutaci\u00f3n<\/th>\n<td class=\"specifications-table__cell\"><span class=\"specifications-table__text specifications-table__text--first-letter-uppercase\">170 mW<\/span><\/td>\n<\/tr>\n<tr class=\"specifications-table__row\">\n<th class=\"specifications-table__row-heading\">tasa de funcionamiento<\/th>\n<td class=\"specifications-table__cell\"><span class=\"specifications-table__text specifications-table__text--first-letter-uppercase\">&lt;= 18000 cycles\/hour Sin carga<br \/>\n&lt;= 1200 cycles\/hour en carga<\/span><\/td>\n<\/tr>\n<tr class=\"specifications-table__row\">\n<th class=\"specifications-table__row-heading\">Endurancia mec\u00e1nica<\/th>\n<td class=\"specifications-table__cell\"><span class=\"specifications-table__text specifications-table__text--first-letter-uppercase\">5000000 Ciclos<\/span><\/td>\n<\/tr>\n<tr class=\"specifications-table__row\">\n<th class=\"specifications-table__row-heading\">durabilidad el\u00e9ctrica<\/th>\n<td class=\"specifications-table__cell\"><span class=\"specifications-table__text specifications-table__text--first-letter-uppercase\">100000 Ciclos para resistivo cables para<\/span><\/td>\n<\/tr>\n<tr class=\"specifications-table__row\">\n<th class=\"specifications-table__row-heading\">Consumo medio de la bobina en W<\/th>\n<td class=\"specifications-table__cell\"><span class=\"specifications-table__text specifications-table__text--first-letter-uppercase\">1.4 W<\/span><\/td>\n<\/tr>\n<tr class=\"specifications-table__row\">\n<th class=\"specifications-table__row-heading\">9 mm tri\u00e1ngulo inserto macho<\/th>\n<td class=\"specifications-table__cell\"><span class=\"specifications-table__text specifications-table__text--first-letter-uppercase\">&gt;= 0,1 Uc DC<\/span><\/td>\n<\/tr>\n<tr class=\"specifications-table__row\">\n<th class=\"specifications-table__row-heading\">tiempo de funcionamiento<\/th>\n<td class=\"specifications-table__cell\"><span class=\"specifications-table__text specifications-table__text--first-letter-uppercase\">20 ms ((*))<\/span><\/td>\n<\/tr>\n<tr class=\"specifications-table__row\">\n<th class=\"specifications-table__row-heading\">resistencia media de la bobina<\/th>\n<td class=\"specifications-table__cell\"><span class=\"specifications-table__text specifications-table__text--first-letter-uppercase\">470 Ohm en 20 \u00b0C +\/- 10 %<\/span><\/td>\n<\/tr>\n<tr class=\"specifications-table__row\">\n<th class=\"specifications-table__row-heading\">l\u00edmites tensi\u00f3n de funcionamiento nominal<\/th>\n<td class=\"specifications-table__cell\"><span class=\"specifications-table__text specifications-table__text--first-letter-uppercase\">19.2&#8230;26.4 V DC<\/span><\/td>\n<\/tr>\n<tr class=\"specifications-table__row\">\n<th class=\"specifications-table__row-heading\">categor\u00eda de protecci\u00f3n<\/th>\n<td class=\"specifications-table__cell\"><span class=\"specifications-table__text specifications-table__text--first-letter-uppercase\">RT I<\/span><\/td>\n<\/tr>\n<tr class=\"specifications-table__row\">\n<th class=\"specifications-table__row-heading\">datos de fiabilidad de seguridad<\/th>\n<td class=\"specifications-table__cell\"><span class=\"specifications-table__text specifications-table__text--first-letter-uppercase\">B10d = 100000<\/span><\/td>\n<\/tr>\n<tr class=\"specifications-table__row\">\n<th class=\"specifications-table__row-heading\">Posici\u00f3n de funcionamiento<\/th>\n<td class=\"specifications-table__cell\"><span class=\"specifications-table__text specifications-table__text--first-letter-uppercase\">Cualquier posici\u00f3n<\/span><\/td>\n<\/tr>\n<tr class=\"specifications-table__row\">\n<th class=\"specifications-table__row-heading\">Peso del producto<\/th>\n<td class=\"specifications-table__cell\"><span class=\"specifications-table__text specifications-table__text--first-letter-uppercase\">0.085 kg<\/span><\/td>\n<\/tr>\n<\/tbody>\n<\/table>\n<table class=\"specifications-table\">\n<caption class=\"specifications-table__caption\">Entorno<\/caption>\n<tbody>\n<tr class=\"specifications-table__row\">\n<th class=\"specifications-table__row-heading\">fuerza diel\u00e9ctrica<\/th>\n<td class=\"specifications-table__cell\"><span class=\"specifications-table__text specifications-table__text--first-letter-uppercase\">1500 V CA entre contactos<br \/>\n1550 V CA entre bobina y contacto<br \/>\n1550 V CA entre polos<\/span><\/td>\n<\/tr>\n<tr class=\"specifications-table__row\">\n<th class=\"specifications-table__row-heading\">Certificaciones de Producto<\/th>\n<td class=\"specifications-table__cell\"><span class=\"specifications-table__text\">UL<br \/>\nCSA<br \/>\nGOST<\/span><\/td>\n<\/tr>\n<tr class=\"specifications-table__row\">\n<th class=\"specifications-table__row-heading\">Normas<\/th>\n<td class=\"specifications-table__cell\"><span class=\"specifications-table__text specifications-table__text--first-letter-uppercase\">EN\/IEC 61810-1<br \/>\nUL 508<br \/>\nCSA C22.2 No 14<\/span><\/td>\n<\/tr>\n<tr class=\"specifications-table__row\">\n<th class=\"specifications-table__row-heading\">Temperatura ambiente de almacenamiento<\/th>\n<td class=\"specifications-table__cell\"><span class=\"specifications-table__text specifications-table__text--first-letter-uppercase\">-40\u202685 \u00b0C<\/span><\/td>\n<\/tr>\n<tr class=\"specifications-table__row\">\n<th class=\"specifications-table__row-heading\">temperatura ambiente de funcionamiento<\/th>\n<td class=\"specifications-table__cell\"><span class=\"specifications-table__text specifications-table__text--first-letter-uppercase\">-40\u202655 \u00b0C<\/span><\/td>\n<\/tr>\n<tr class=\"specifications-table__row\">\n<th class=\"specifications-table__row-heading\">resistencia a las vibraciones<\/th>\n<td class=\"specifications-table__cell\"><span class=\"specifications-table__text specifications-table__text--first-letter-uppercase\">3 gn, amplitud = +\/- 1 mm (estado 1) 10\u2026150 Hz)10 cycles in operation acorde a EN\/IEC 60068-2-27<br \/>\n4 gn, amplitud = +\/- 1 mm (estado 1) 10\u2026150 Hz)10 cycles not operating acorde a EN\/IEC 60068-2-27<\/span><\/td>\n<\/tr>\n<tr class=\"specifications-table__row\">\n<th class=\"specifications-table__row-heading\">grado de protecci\u00f3n IP<\/th>\n<td class=\"specifications-table__cell\"><span class=\"specifications-table__text specifications-table__text--first-letter-uppercase\">\u00abIP40\u00bb conforming to EN\/IEC 60529<\/span><\/td>\n<\/tr>\n<tr class=\"specifications-table__row\">\n<th class=\"specifications-table__row-heading\">Resistencia a los golpes<\/th>\n<td class=\"specifications-table__cell\"><span class=\"specifications-table__text specifications-table__text--first-letter-uppercase\">10 gn paraen funcionamiento<br \/>\n10 gn parasin funcionamiento<\/span><\/td>\n<\/tr>\n<tr class=\"specifications-table__row\">\n<th class=\"specifications-table__row-heading\">Grado de contaminaci\u00f3n<\/th>\n<td class=\"specifications-table__cell\"><span class=\"specifications-table__text specifications-table__text--first-letter-uppercase\">3<\/span><\/td>\n<\/tr>\n<\/tbody>\n<\/table>\n","protected":false},"excerpt":{"rendered":"<p>Gama de producto Harmony Remote Pocket nombre de serie Universal Tipo de Producto o Componente Reles con montaje plug-in Nombre Corto del Dispositivo RUM Tipo y composici\u00f3n de contactos 2 C\/O [Uc] tensi\u00f3n del circuito de control 24 V DC corriente t\u00e9rmica nominal 10 A en -40\u202655 \u00b0C LED de estado Sin Tipo de Control [&hellip;]<\/p>\n","protected":false},"featured_media":997,"comment_status":"open","ping_status":"closed","template":"","meta":{"_monsterinsights_skip_tracking":false,"_monsterinsights_sitenote_active":false,"_monsterinsights_sitenote_note":"","_monsterinsights_sitenote_category":0},"product_brand":[],"product_cat":[17],"product_tag":[83,80],"class_list":{"0":"post-733","1":"product","2":"type-product","3":"status-publish","4":"has-post-thumbnail","6":"product_cat-repuestos-electronicos","7":"product_tag-24vdc","8":"product_tag-rele","10":"first","11":"instock","12":"shipping-taxable","13":"purchasable","14":"product-type-simple"},"_links":{"self":[{"href":"https:\/\/seibeca.com\/index.php\/wp-json\/wp\/v2\/product\/733","targetHints":{"allow":["GET"]}}],"collection":[{"href":"https:\/\/seibeca.com\/index.php\/wp-json\/wp\/v2\/product"}],"about":[{"href":"https:\/\/seibeca.com\/index.php\/wp-json\/wp\/v2\/types\/product"}],"replies":[{"embeddable":true,"href":"https:\/\/seibeca.com\/index.php\/wp-json\/wp\/v2\/comments?post=733"}],"wp:featuredmedia":[{"embeddable":true,"href":"https:\/\/seibeca.com\/index.php\/wp-json\/wp\/v2\/media\/997"}],"wp:attachment":[{"href":"https:\/\/seibeca.com\/index.php\/wp-json\/wp\/v2\/media?parent=733"}],"wp:term":[{"taxonomy":"product_brand","embeddable":true,"href":"https:\/\/seibeca.com\/index.php\/wp-json\/wp\/v2\/product_brand?post=733"},{"taxonomy":"product_cat","embeddable":true,"href":"https:\/\/seibeca.com\/index.php\/wp-json\/wp\/v2\/product_cat?post=733"},{"taxonomy":"product_tag","embeddable":true,"href":"https:\/\/seibeca.com\/index.php\/wp-json\/wp\/v2\/product_tag?post=733"}],"curies":[{"name":"wp","href":"https:\/\/api.w.org\/{rel}","templated":true}]}}